{"id":14,"date":"2017-06-21T06:52:15","date_gmt":"2017-06-21T06:52:15","guid":{"rendered":"http:\/\/lagur-tunera.id-consulting.hr\/wp\/?page_id=14"},"modified":"2024-01-28T17:09:25","modified_gmt":"2024-01-28T17:09:25","slug":"kontakt","status":"publish","type":"page","link":"http:\/\/lagur-tunera.hr\/wp\/?page_id=14","title":{"rendered":"Kontakt"},"content":{"rendered":"\n<div class=\"wp-block-group\"><div class=\"wp-block-group__inner-container is-layout-flow wp-block-group-is-layout-flow\">\n<p><strong>LOKALNA AKCIJSKA GRUPA U RIBARSTVU TUNERA &#8211; FISHERIES LOCAL ACTION GROUP TUNERA<\/strong><\/p>\n\n\n\n<p><strong>LAGUR \/ FLAG TUNERA<\/strong><\/p>\n\n\n\n<ul class=\"wp-block-list\">\n<li>Kralja Tomislava 85A&nbsp; p.p. 64, 51260 Crikvenica<\/li>\n\n\n\n<li>OIB: 36265572009<\/li>\n\n\n\n<li>e-mail adresa: lagur.tunera@gmail.com<\/li>\n<\/ul>\n\n\n\n<p><strong>Kontakti:<\/strong><\/p>\n\n\n\n<p class=\"has-text-align-left\"><strong>Predsjednik: Veselko Mutavgji\u0107&nbsp;<\/strong><\/p>\n\n\n\n<p class=\"has-text-align-left\">mob. 091 242 4517<\/p>\n\n\n\n<p class=\"has-text-align-left\"><strong>Voditeljica: Anamaria Grubi\u0161i\u0107<\/strong><\/p>\n\n\n\n<p class=\"has-text-align-left\">mob. 091 60 49 895&nbsp;<\/p>\n\n\n\n<p><strong>Stru\u010dna suradnica: Valentina Preni<\/strong><\/p>\n\n\n\n<p>mob. 091 601 1014<\/p>\n<\/div><\/div>\n\n\n\n<p><\/p>\n","protected":false},"excerpt":{"rendered":"<p>LOKALNA AKCIJSKA GRUPA U RIBARSTVU TUNERA &#8211; FISHERIES LOCAL ACTION GROUP TUNERA LAGUR \/ FLAG TUNERA Kontakti: Predsjednik: Veselko Mutavgji\u0107&nbsp; mob. 091 242 4517 Voditeljica: Anamaria Grubi\u0161i\u0107 mob. 091 60 49 895&nbsp; Stru\u010dna suradnica: Valentina Preni mob. 091 601 1014<\/p>\n","protected":false},"author":1,"featured_media":0,"parent":0,"menu_order":0,"comment_status":"closed","ping_status":"closed","template":"","meta":{"footnotes":""},"class_list":["post-14","page","type-page","status-publish","hentry"],"_links":{"self":[{"href":"http:\/\/lagur-tunera.hr\/wp\/index.php?rest_route=\/wp\/v2\/pages\/14","targetHints":{"allow":["GET"]}}],"collection":[{"href":"http:\/\/lagur-tunera.hr\/wp\/index.php?rest_route=\/wp\/v2\/pages"}],"about":[{"href":"http:\/\/lagur-tunera.hr\/wp\/index.php?rest_route=\/wp\/v2\/types\/page"}],"author":[{"embeddable":true,"href":"http:\/\/lagur-tunera.hr\/wp\/index.php?rest_route=\/wp\/v2\/users\/1"}],"replies":[{"embeddable":true,"href":"http:\/\/lagur-tunera.hr\/wp\/index.php?rest_route=%2Fwp%2Fv2%2Fcomments&post=14"}],"version-history":[{"count":28,"href":"http:\/\/lagur-tunera.hr\/wp\/index.php?rest_route=\/wp\/v2\/pages\/14\/revisions"}],"predecessor-version":[{"id":924,"href":"http:\/\/lagur-tunera.hr\/wp\/index.php?rest_route=\/wp\/v2\/pages\/14\/revisions\/924"}],"wp:attachment":[{"href":"http:\/\/lagur-tunera.hr\/wp\/index.php?rest_route=%2Fwp%2Fv2%2Fmedia&parent=14"}],"curies":[{"name":"wp","href":"https:\/\/api.w.org\/{rel}","templated":true}]}}