{"id":4,"date":"2017-06-21T06:51:10","date_gmt":"2017-06-21T06:51:10","guid":{"rendered":"http:\/\/lagur-tunera.id-consulting.hr\/wp\/?page_id=4"},"modified":"2025-12-18T19:35:19","modified_gmt":"2025-12-18T19:35:19","slug":"pocetna","status":"publish","type":"page","link":"http:\/\/lagur-tunera.hr\/wp\/","title":{"rendered":"O nama"},"content":{"rendered":"\n<p><strong>LAGUR<\/strong> &#8211; Lokalna akcijska grupa u ribarstvu, eng. <strong>FLAG&nbsp;<\/strong> &#8211; Fisheries local action group.<\/p>\n\n\n\n<p><strong>Podru\u010dje LAGUR-a\/FLAG-a Tunera obuhva\u0107a teritorijalni ustroj sedam jedinica lokalne samouprave: <\/strong><\/p>\n\n\n\n<ol class=\"wp-block-list\">\n<li><strong>Grada Bakra, <\/strong><\/li>\n\n\n\n<li><strong>Grada Crikvenice, <\/strong><\/li>\n\n\n\n<li><strong>Grada Kraljevice, <\/strong><\/li>\n\n\n\n<li><strong>Grada Novog Vinodolskog, <\/strong><\/li>\n\n\n\n<li><strong>Op\u0107ine Fu\u017eine,<\/strong><\/li>\n\n\n\n<li><strong>Op\u0107ine Kostrena, <\/strong><\/li>\n\n\n\n<li><strong>Op\u0107ine Lokve, <\/strong>i<\/li>\n\n\n\n<li><strong>Op\u0107ina Vinodolska Op\u0107ina<\/strong><\/li>\n<\/ol>\n\n\n\n<p><strong>koje \u010dine jedinstveno ribarstveno podru\u010dje LAGUR-a.&nbsp; &nbsp; &nbsp; &nbsp;<\/strong><\/p>\n\n\n\n<p><strong>Osniva\u010di LAGUR-a Tunera su predstavnici gospodarskog sektora ribarstva, predstavnici sedam jedinica lokalnih samouprava i predstavnici civilnog sektora.<\/strong><\/p>\n\n\n\n<p>Inicijator osnivanja LAGUR-a&nbsp; je Lokalna akcijska grupa \u201eVinodol\u201c. Okupljeni su predstavnici ribara, gradova i op\u0107ina, lu\u010dkih uprava i udruga kako bi sura\u0111ivali i zajedno radili na osnivanju LAGUR-a, a kasnije i na provedbi lokalne razvojne strategije u ribarstvu (LRSR).<\/p>\n\n\n\n<p>LAGUR je partnerstvo javnog, civilnog i gospodarskog sektora u ribarstvu, preradi ribe i akvakulturi osnovano s ciljem razvoja ribarstva na lokalnom podru\u010dju kroz doprinos stvaranju, odr\u017eavanju i pobolj\u0161anju radnih mjesta u ribarstvu, doprinos za\u0161titi i dodavanju vrijednosti ribljim proizvodima.<\/p>\n\n\n\n<p>Na osniva\u010dkoj skup\u0161tini izabran je slu\u017ebeni naziv lokalne inicijative &#8211; <strong>TUNERA<\/strong>, naziv koji je poveznica za cijelo podru\u010dje LAGUR-a, koje je u pro\u0161losti bilo poznato po tunerama.<\/p>\n\n\n\n<p>LAGUR koristi EU sredstva iz Operativnog programa za pomorstvo i ribarstvo u programskom razdoblju 2014. \u2013 2020., u kojem je na raspolaganju 348,7 milijuna Eura za provedbu projekata.<\/p>\n\n\n\n<p>Za razliku od ostalih \u010dlanica EU, Hrvatska je po prvi puta u\u0161la u ovaj na\u010din suradnje i organiziranja u ribarstvenom podru\u010dju po na\u010delu lokalnog razvoja vo\u0111enog zajednicom (CLLD). Takav oblik udru\u017eivanja uobi\u010dajen je u Europi s preko 300 LAGUR-a kao nositelja razvoja ribarskog gospodarstva u lokalnoj zajednici.<\/p>\n\n\n\n<p><strong><u>IZRADA LOKALNE RAZVOJNE STRATEGIJE U RIBARSTVU<\/u><\/strong><\/p>\n\n\n\n<p>Lokalni razvoj provodi se pristupom \u201eodozdo prema gore\u201c u okviru lokalnih partnerstva koja su sastavljena od predstavnika gospodarskog, civilnog i javnog sektora, \u010dime se odra\u017eava lokalna zajednica, a u cilju izrade i provedbe LRSR-a.<\/p>\n\n\n\n<p>Cilj lokalnog razvoja pod vodstvom zajednice je pove\u0107anje zaposlenosti i teritorijalne kohezije putem promicanja gospodarskog rasta, dru\u0161tvene uklju\u010denosti, stvaranja radnih mjesta i pru\u017eanja podr\u0161ke zapo\u0161ljivosti i mobilnosti radne snage u obalnim i kontinentalnim zajednicama koje ovise o ribolovu i akvakulturi, uklju\u010duju\u0107i diversifikaciju aktivnosti u ribarstvu, te prema ostalim sektorima pomorskog gospodarstva.<\/p>\n\n\n\n<p>LAGUR je obvezan izraditi LRSR \u2013 uskla\u0111en skup operacija (projekt, ugovor, aktivnost ili skupina projekata koje je odobrilo Upravlja\u010dko tijelo, odnosno LAGUR, a koja doprinosi ostvarivanju ciljeva i prioriteta EU \u201ePove\u0107anje zaposlenosti i teritorijalne kohezije\u201c) \u010dija je svrha ostvarivanje lokalnih ciljeva i potreba, te koje doprinose ostvarivanju strategije Unije za pametan, odr\u017eiv i uklju\u010div razvoj i koje osmi\u0161ljava i provodi LAGUR te predstavlja temeljni dokument za odr\u017eivi razvoj ribarstva na podru\u010dju LAGUR-a.<\/p>\n\n\n\n<p>Kako bi se osigurao cjelokupan i odr\u017eiv razvoj podru\u010dja LAGUR-a, koji velikim dijelom ovisi o intenzitetu zajedni\u010dke suradnje, uva\u017eavanju razli\u010ditih mi\u0161ljenja, pristupa i ideja, nastojalo se u proces izrade LRSR uklju\u010diti \u0161to ve\u0107i broj dionika. Postupak izrade LRSR-a je javan i svima dostupan, te se u proces izrade mo\u017ee uklju\u010diti svaki zainteresirani pojedinac, u bilo kojem trenutku.<\/p>\n\n\n\n<p>Kroz LRSR LAGUR-u su odobrena sredstva za raspisivanje natje\u010daja za izabrane operacije.<\/p>\n","protected":false},"excerpt":{"rendered":"<p>LAGUR &#8211; Lokalna akcijska grupa u ribarstvu, eng. FLAG&nbsp; &#8211; Fisheries local action group. Podru\u010dje LAGUR-a\/FLAG-a Tunera obuhva\u0107a teritorijalni ustroj sedam jedinica lokalne samouprave: koje \u010dine jedinstveno ribarstveno podru\u010dje LAGUR-a.&nbsp; &nbsp; &nbsp; &nbsp; Osniva\u010di LAGUR-a Tunera su predstavnici gospodarskog sektora&#8230; <a href=\"http:\/\/lagur-tunera.hr\/wp\/\" class=\"readmore\">Read more<span class=\"screen-reader-text\">O nama<\/span><span class=\"fa fa-angle-double-right\" aria-hidden=\"true\"><\/span><\/a><\/p>\n","protected":false},"author":1,"featured_media":0,"parent":0,"menu_order":0,"comment_status":"closed","ping_status":"closed","template":"","meta":{"footnotes":""},"class_list":["post-4","page","type-page","status-publish","hentry"],"_links":{"self":[{"href":"http:\/\/lagur-tunera.hr\/wp\/index.php?rest_route=\/wp\/v2\/pages\/4","targetHints":{"allow":["GET"]}}],"collection":[{"href":"http:\/\/lagur-tunera.hr\/wp\/index.php?rest_route=\/wp\/v2\/pages"}],"about":[{"href":"http:\/\/lagur-tunera.hr\/wp\/index.php?rest_route=\/wp\/v2\/types\/page"}],"author":[{"embeddable":true,"href":"http:\/\/lagur-tunera.hr\/wp\/index.php?rest_route=\/wp\/v2\/users\/1"}],"replies":[{"embeddable":true,"href":"http:\/\/lagur-tunera.hr\/wp\/index.php?rest_route=%2Fwp%2Fv2%2Fcomments&post=4"}],"version-history":[{"count":19,"href":"http:\/\/lagur-tunera.hr\/wp\/index.php?rest_route=\/wp\/v2\/pages\/4\/revisions"}],"predecessor-version":[{"id":986,"href":"http:\/\/lagur-tunera.hr\/wp\/index.php?rest_route=\/wp\/v2\/pages\/4\/revisions\/986"}],"wp:attachment":[{"href":"http:\/\/lagur-tunera.hr\/wp\/index.php?rest_route=%2Fwp%2Fv2%2Fmedia&parent=4"}],"curies":[{"name":"wp","href":"https:\/\/api.w.org\/{rel}","templated":true}]}}