{"id":421,"date":"2020-01-13T12:28:54","date_gmt":"2020-01-13T12:28:54","guid":{"rendered":"http:\/\/lagur-tunera.hr\/wp\/?page_id=421"},"modified":"2020-04-20T09:18:24","modified_gmt":"2020-04-20T09:18:24","slug":"naslovna","status":"publish","type":"page","link":"http:\/\/lagur-tunera.hr\/wp\/?page_id=421","title":{"rendered":"Uputa o privremenom postupku provedbe Lokalne razvojne strategije u ribarstvu tijekom pandemije uzrokovane koronavirusom (Covid-19)"},"content":{"rendered":"\n<p>Nastavno na Uputu Uprave ribarstva o privremenom postupku provedbe Lokalne razvojne strategije u ribarstvu tijekom pandemije uzrokovane koronavirusom (Covid-19), LAGUR \u201cTUNERA\u201d donio je<\/p>\n\n\n\n<p><strong>UPUTU O NA\u010cINU DOSTAVE AKATA PREMA LAGUR-u I NOSITELJIMA PROJEKATA<\/strong><\/p>\n\n\n\n<p>Zbog izvanrednih okolnosti uzrokovanih pandemijom koronavirusa (Covid-19) nositelji projekata mogu, usprkos odre\u0111enim odredbama Natje\u010daja, postupati kako slijedi:<\/p>\n\n\n\n<p>OP\u0106E ODREDBE:<\/p>\n\n\n\n<p>1. Sve op\u0107e i specifi\u010dne odredbe navedene u ovoj Uputi primjenjuju se za vrijeme trajanja izvanrednih okolnosti uzrokovanih pandemijom koronavirusa (Covid-19). Po prestanku izvanrednih okolnosti sve odredbe iz Upute prestaju va\u017eiti.<\/p>\n\n\n\n<p>2. Nositelj projekta sve akte koje upu\u0107uje FLAG-u (prijava projekta, odgovor na Zahtjev za D\/O\/I, Zahtjev za odustanak, prigovor na odluke nadle\u017enog tijela i dr.) podnosi u elektroni\u010dkom obliku na adresu lagur.tunera@gmail.com.<\/p>\n\n\n\n<p>3. Dokumentacija iz to\u010dke 2. obavezno mora naknadno biti dostavljena FLAG-u putem po\u0161te u izvornom obliku, radi evidentiranja i \u010duvanja dokumentacije (u primjerenom roku kojeg \u0107e FLAG odrediti i o kojem \u0107e nositelji projekata biti pravovremeno obavije\u0161teni).<\/p>\n\n\n\n<p>4. Svi sastavni dijelovi predmetne dokumentacije moraju biti dostavljeni kao privitak elektroni\u010dke po\u0161te iz to\u010dke 2. i\/ili putem poveznice, skenirani ili u PDF obliku.<\/p>\n\n\n\n<p>5. U slu\u010daju nemogu\u0107nosti dostave\/isho\u0111enja odre\u0111enog akta od strane nositelja projekta (obzirom da nadle\u017ene institucije za izdavanje projektne dokumentacije rade ograni\u010deno i\/ili sa smanjenim administrativnim kapacitetima i\/ili zbog ograni\u010denja utvr\u0111enih mjerama Sto\u017eera civilne za\u0161tite), nositelj projekta obvezan je FLAG-u elektroni\u010dkim putem uputiti Obavijest o nemogu\u0107nosti dostave\/isho\u0111enja potrebne dokumentacije. Navedena Obavijest mora biti obrazlo\u017eena, upu\u0107ivati na relevantno ograni\u010denje\/zabranu (ako je primjenjivo) te sadr\u017eavati prijedlog primjerenog roka za dostavu akta. FLAG \u0107e navedeno uzeti u obzir kod postupaka i rokova vezanih za odgovore\/dopune, prigovore i drugo, te \u0107e, ukoliko utvrdi da se radi o opravdanim okolnostima, nositelju projekta primjereno produ\u017eiti rok za dostavu predmetnog akta.<\/p>\n\n\n\n<p>6. Ukoliko je do\u0161lo do normalizacije poslovanja institucija i\/ili ukidanja Mjera Sto\u017eera civilne za\u0161tite na koje se nositelj projekta poziva sukladno to\u010dki 5., isti ne mo\u017ee tra\u017eiti produ\u017eenje rokova za dostavu akata sukladno to\u010dki 5.<\/p>\n\n\n\n<p>7. Dostava odluka\/obavijesti\/zahtjeva nositelju projekta od strane FLAG-a obavlja se elektroni\u010dkim putem, i to na na\u010din da \u0107e isti biti ispisani na memorandumu FLAG-a, ovjereni potpisom i pe\u010datom (ili odobreni sukladno to\u010dki 5.) te poslani sa e-mail adrese lagur.tunera@gmail.com, skenirani ili u PDF formatu.<\/p>\n\n\n\n<p>8. U slu\u010daju nemogu\u0107nosti fizi\u010dke ovjere dokumenata potpisom i pe\u010datom, FLAG je du\u017ean prije upu\u0107ivanja slu\u017ebenih akata nositeljima projekta ishoditi od odgovornih\/ovla\u0161tenih osoba koje ina\u010de te akte potpisuju, suglasnost odnosno odobrenje putem elektroni\u010dke po\u0161te.<\/p>\n\n\n\n<p>9. FLAG i\/ili nositelj projekta obvezni su elektroni\u010dkim putem potvrditi primitak svakog slu\u017ebenog akta, i to u vidu odgovora na zaprimljeni slu\u017ebeni akt (potvrda primitka).<\/p>\n\n\n\n<p>Crikvenica, 16. 4. 2020.<\/p>\n","protected":false},"excerpt":{"rendered":"<p>Nastavno na Uputu Uprave ribarstva o privremenom postupku provedbe Lokalne razvojne strategije u ribarstvu tijekom pandemije uzrokovane koronavirusom (Covid-19), LAGUR \u201cTUNERA\u201d donio je UPUTU O NA\u010cINU DOSTAVE AKATA PREMA LAGUR-u I NOSITELJIMA PROJEKATA Zbog izvanrednih okolnosti uzrokovanih pandemijom koronavirusa (Covid-19)&#8230; <a href=\"http:\/\/lagur-tunera.hr\/wp\/?page_id=421\" class=\"readmore\">Read more<span class=\"screen-reader-text\">Uputa o privremenom postupku provedbe Lokalne razvojne strategije u ribarstvu tijekom pandemije uzrokovane koronavirusom (Covid-19)<\/span><span class=\"fa fa-angle-double-right\" aria-hidden=\"true\"><\/span><\/a><\/p>\n","protected":false},"author":1,"featured_media":0,"parent":0,"menu_order":0,"comment_status":"closed","ping_status":"closed","template":"","meta":{"footnotes":""},"class_list":["post-421","page","type-page","status-publish","hentry"],"_links":{"self":[{"href":"http:\/\/lagur-tunera.hr\/wp\/index.php?rest_route=\/wp\/v2\/pages\/421","targetHints":{"allow":["GET"]}}],"collection":[{"href":"http:\/\/lagur-tunera.hr\/wp\/index.php?rest_route=\/wp\/v2\/pages"}],"about":[{"href":"http:\/\/lagur-tunera.hr\/wp\/index.php?rest_route=\/wp\/v2\/types\/page"}],"author":[{"embeddable":true,"href":"http:\/\/lagur-tunera.hr\/wp\/index.php?rest_route=\/wp\/v2\/users\/1"}],"replies":[{"embeddable":true,"href":"http:\/\/lagur-tunera.hr\/wp\/index.php?rest_route=%2Fwp%2Fv2%2Fcomments&post=421"}],"version-history":[{"count":2,"href":"http:\/\/lagur-tunera.hr\/wp\/index.php?rest_route=\/wp\/v2\/pages\/421\/revisions"}],"predecessor-version":[{"id":491,"href":"http:\/\/lagur-tunera.hr\/wp\/index.php?rest_route=\/wp\/v2\/pages\/421\/revisions\/491"}],"wp:attachment":[{"href":"http:\/\/lagur-tunera.hr\/wp\/index.php?rest_route=%2Fwp%2Fv2%2Fmedia&parent=421"}],"curies":[{"name":"wp","href":"https:\/\/api.w.org\/{rel}","templated":true}]}}