{"id":6,"date":"2017-06-21T06:51:30","date_gmt":"2017-06-21T06:51:30","guid":{"rendered":"http:\/\/lagur-tunera.id-consulting.hr\/wp\/?page_id=6"},"modified":"2025-02-13T10:20:13","modified_gmt":"2025-02-13T10:20:13","slug":"dokumenti","status":"publish","type":"page","link":"http:\/\/lagur-tunera.hr\/wp\/?page_id=6","title":{"rendered":"Dokumenti"},"content":{"rendered":"\n<ul class=\"wp-block-list\">\n<li>Obrazac za prijedloge budu\u0107ih projekata mo\u017eete preuzeti <a href=\"http:\/\/lagur-tunera.hr\/wp\/wp-content\/uploads\/2017\/06\/Obrazac-prijedloga-projekta-TUNERA.docx\">ovdje<\/a><\/li>\n<\/ul>\n\n\n\n<ul class=\"wp-block-list\">\n<li>Statut Lagura Tunera mo\u017eete preuzeti <a href=\"http:\/\/lagur-tunera.hr\/wp\/wp-content\/uploads\/2017\/06\/Statut_LAGUR_TUNERA.pdf\">ovdje<\/a><\/li>\n\n\n\n<li>Izmjenu statuta Lagura Tunera mo\u017eete preuzeti <a href=\"http:\/\/lagur-tunera.hr\/wp\/wp-content\/uploads\/2017\/06\/Izmjena-Statuta-LAGUR_TUNERA.pdf\">ovdje<\/a><\/li>\n\n\n\n<li>2. izmjene i dopune statuta mo\u017eete preuzeti <a href=\"http:\/\/lagur-tunera.hr\/wp\/wp-content\/uploads\/2020\/07\/2.-IZMJENE-STATUTA.pdf\">ovdje<\/a><\/li>\n\n\n\n<li>3. izmjene i dopune statuta mo\u017eete preuzeti <a href=\"http:\/\/lagur-tunera.hr\/wp\/wp-content\/uploads\/2024\/12\/Odluka-o-3.izmjeni-i-dopuni-Statuta.pdf\">ovdje<\/a><\/li>\n<\/ul>\n\n\n\n<hr class=\"wp-block-separator has-alpha-channel-opacity\"\/>\n\n\n\n<p><strong>Lokalna razvojna strategija u ribarstvu LAGUR-a TUNERA za programsko razdoblje 2021. \u2013 2027.<\/strong><\/p>\n\n\n\n<div class=\"wp-block-file\"><a id=\"wp-block-file--media-88331e6e-e656-4c0a-9c0e-9899375859df\" href=\"http:\/\/lagur-tunera.hr\/wp\/wp-content\/uploads\/2024\/01\/LRSR-2021.-2027.-TUNERA-1.pdf\">Tekst strategije mo\u017eete preuzeti ovdje<\/a><a href=\"http:\/\/lagur-tunera.hr\/wp\/wp-content\/uploads\/2024\/01\/LRSR-2021.-2027.-TUNERA-1.pdf\" class=\"wp-block-file__button wp-element-button\" download aria-describedby=\"wp-block-file--media-88331e6e-e656-4c0a-9c0e-9899375859df\">Preuzmi<\/a><\/div>\n\n\n\n<div class=\"wp-block-file\"><a id=\"wp-block-file--media-9e6fd091-a27b-4506-8ae5-5b6113ec7380\" href=\"http:\/\/lagur-tunera.hr\/wp\/wp-content\/uploads\/2025\/02\/LRSR-2021.-2027.-TUNERA-1.-izmjena.pdf\">LRSR 2021.-2027. TUNERA &#8211; 1. izmjena<\/a><a href=\"http:\/\/lagur-tunera.hr\/wp\/wp-content\/uploads\/2025\/02\/LRSR-2021.-2027.-TUNERA-1.-izmjena.pdf\" class=\"wp-block-file__button wp-element-button\" download aria-describedby=\"wp-block-file--media-9e6fd091-a27b-4506-8ae5-5b6113ec7380\">Preuzmi<\/a><\/div>\n\n\n\n<hr class=\"wp-block-separator has-alpha-channel-opacity\"\/>\n\n\n\n<p class=\"has-text-align-left\"><strong>Lokalna razvojna strategija u ribarstvu LAGUR-a TUNERA za programsko razdoblje 2014. \u2013 2020:<\/strong><\/p>\n\n\n\n<ul class=\"wp-block-list\">\n<li>Tekst strategije mo\u017eete preuzeti <a href=\"http:\/\/lagur-tunera.hr\/wp\/wp-content\/uploads\/2021\/09\/LRSR-27.pdf\">ovdje<\/a><\/li>\n\n\n\n<li><em>Prilozi:<\/em><\/li>\n<\/ul>\n\n\n\n<ol class=\"wp-block-list\">\n<li><a href=\"http:\/\/lagur-tunera.hr\/wp\/wp-content\/uploads\/2018\/02\/Prilog-1.-Topografska-karta-ribarstvenog-podru\u010dja-TUNERA.pdf\">Prilog 1. Topografska karta ribarstvenog podru\u010dja TUNERA<\/a><\/li>\n\n\n\n<li><a href=\"http:\/\/lagur-tunera.hr\/wp\/wp-content\/uploads\/2018\/02\/Prilog-2.-Karte-i-lokaliteti-Natura-2000-podru\u010dja.pdf\">Prilog 2. Karte i lokaliteti Natura 2000 podru\u010dja<\/a><\/li>\n\n\n\n<li><a href=\"http:\/\/lagur-tunera.hr\/wp\/wp-content\/uploads\/2018\/02\/Prilog-3.-Za\u0161ti\u0107ena-kulturna-dobra-na-ribarstvenom-podru\u010dju-LAGUR-a-TUNERA.pdf\">Prilog 3. Za\u0161ti\u0107ena kulturna dobra na ribarstvenom podru\u010dju LAGUR-a TUNERA<\/a><\/li>\n\n\n\n<li><a href=\"http:\/\/lagur-tunera.hr\/wp\/wp-content\/uploads\/2018\/02\/Prilog-4.-Mre\u017ea-zdravstvenih-ustanova-i-privatnih-ustanova-zdravstvene-djelatnosti.pdf\">Prilog 4. Mre\u017ea zdravstvenih ustanova i privatnih ustanova zdravstvene djelatnosti<\/a><\/li>\n\n\n\n<li><a href=\"http:\/\/lagur-tunera.hr\/wp\/wp-content\/uploads\/2018\/02\/Prilog-5.-Lokacije-staja\u0107ih-tunera.pdf\">Prilog 5. Lokacije staja\u0107ih tunera<\/a><\/li>\n\n\n\n<li><a href=\"http:\/\/lagur-tunera.hr\/wp\/wp-content\/uploads\/2021\/09\/Prilog-6.-Indikatori-za-mjerenje-ucinaka-provedbe-LRS.pdf\">Prilog-6.-Indikatori za mjerenje u\u010dinaka provedbe LRS<\/a><\/li>\n\n\n\n<li><a href=\"http:\/\/lagur-tunera.hr\/wp\/wp-content\/uploads\/2021\/09\/Prilog-7.-Kriteriji-odabira-po-mjerama.pdf\">Prilog-7.-Kriteriji odabira po mjerama<\/a><\/li>\n\n\n\n<li><a href=\"http:\/\/lagur-tunera.hr\/wp\/wp-content\/uploads\/2021\/09\/Prilog-8.-Uskladenost-sa-strateskim-dokumentima-vise-razine.pdf\">Prilog-8.-Uskla\u0111enost sa strate\u0161kim dokumentima vi\u0161e razine<\/a><\/li>\n\n\n\n<li><a href=\"http:\/\/lagur-tunera.hr\/wp\/wp-content\/uploads\/2018\/02\/Prilog-9.-Popis-aktivnosti-uklju\u010divanja-dionika-u-proces-izrade-LRSR.pdf\">Prilog 9. Popis aktivnosti uklju\u010divanja dionika u proces izrade LRSR<\/a><\/li>\n\n\n\n<li><a href=\"http:\/\/lagur-tunera.hr\/wp\/wp-content\/uploads\/2021\/09\/Prilog-10.-Financijski-plan.pdf\">Prilog-10.-Financijski plan<\/a><\/li>\n<\/ol>\n\n\n\n<p><\/p>\n","protected":false},"excerpt":{"rendered":"<p>Lokalna razvojna strategija u ribarstvu LAGUR-a TUNERA za programsko razdoblje 2021. \u2013 2027. Lokalna razvojna strategija u ribarstvu LAGUR-a TUNERA za programsko razdoblje 2014. \u2013 2020:<\/p>\n","protected":false},"author":1,"featured_media":0,"parent":0,"menu_order":0,"comment_status":"closed","ping_status":"closed","template":"","meta":{"footnotes":""},"class_list":["post-6","page","type-page","status-publish","hentry"],"_links":{"self":[{"href":"http:\/\/lagur-tunera.hr\/wp\/index.php?rest_route=\/wp\/v2\/pages\/6","targetHints":{"allow":["GET"]}}],"collection":[{"href":"http:\/\/lagur-tunera.hr\/wp\/index.php?rest_route=\/wp\/v2\/pages"}],"about":[{"href":"http:\/\/lagur-tunera.hr\/wp\/index.php?rest_route=\/wp\/v2\/types\/page"}],"author":[{"embeddable":true,"href":"http:\/\/lagur-tunera.hr\/wp\/index.php?rest_route=\/wp\/v2\/users\/1"}],"replies":[{"embeddable":true,"href":"http:\/\/lagur-tunera.hr\/wp\/index.php?rest_route=%2Fwp%2Fv2%2Fcomments&post=6"}],"version-history":[{"count":27,"href":"http:\/\/lagur-tunera.hr\/wp\/index.php?rest_route=\/wp\/v2\/pages\/6\/revisions"}],"predecessor-version":[{"id":972,"href":"http:\/\/lagur-tunera.hr\/wp\/index.php?rest_route=\/wp\/v2\/pages\/6\/revisions\/972"}],"wp:attachment":[{"href":"http:\/\/lagur-tunera.hr\/wp\/index.php?rest_route=%2Fwp%2Fv2%2Fmedia&parent=6"}],"curies":[{"name":"wp","href":"https:\/\/api.w.org\/{rel}","templated":true}]}}