{"id":678,"date":"2021-02-10T13:03:07","date_gmt":"2021-02-10T13:03:07","guid":{"rendered":"http:\/\/lagur-tunera.hr\/wp\/?page_id=678"},"modified":"2024-05-23T06:52:49","modified_gmt":"2024-05-23T06:52:49","slug":"obavijesti-2","status":"publish","type":"page","link":"http:\/\/lagur-tunera.hr\/wp\/?page_id=678","title":{"rendered":"OBAVIJESTI"},"content":{"rendered":"\n<p><strong><em>Obavje\u0161tavamo sve zainteresirane da je u izborniku ZA PODUZETNIKE, Mjere za poticanje razvoja poduzetni\u0161tva na mre\u017enoj&nbsp;stranici Grada Crikvenice dana 07.svibnja 2024. objavljen Javni&nbsp;poziv za podno\u0161enje prijava za dodjelu nepovratnih potpora iz Programa mjera&nbsp;<\/em><\/strong><strong><em>poticanja razvoja poduzetni\u0161tva na podru\u010dju grada Crikvenice za 2024. godinu s&nbsp;<\/em><\/strong><strong><em>pripadaju\u0107im obrascima za prijavu.<\/em><\/strong><strong><em><br>Javni poziv je otvoren do 7. lipnja 2024. g.<\/em><\/strong><\/p>\n\n\n\n<figure class=\"wp-block-embed is-type-wp-embed is-provider-grad-crikvenica wp-block-embed-grad-crikvenica\"><div class=\"wp-block-embed__wrapper\">\n<blockquote class=\"wp-embedded-content\" data-secret=\"1xjNeSvF98\"><a href=\"https:\/\/www.crikvenica.hr\/raspisan-javni-poziv-za-dodjelu-nepovratnih-potpora-poduzetnicima\/\">Raspisan javni poziv za dodjelu nepovratnih potpora poduzetnicima<\/a><\/blockquote><iframe loading=\"lazy\" class=\"wp-embedded-content\" sandbox=\"allow-scripts\" security=\"restricted\" style=\"position: absolute; clip: rect(1px, 1px, 1px, 1px);\" title=\"&#8220;Raspisan javni poziv za dodjelu nepovratnih potpora poduzetnicima&#8221; &#8212; Grad Crikvenica\" src=\"https:\/\/www.crikvenica.hr\/raspisan-javni-poziv-za-dodjelu-nepovratnih-potpora-poduzetnicima\/embed\/#?secret=SlqTC5K0wD#?secret=1xjNeSvF98\" data-secret=\"1xjNeSvF98\" width=\"600\" height=\"338\" frameborder=\"0\" marginwidth=\"0\" marginheight=\"0\" scrolling=\"no\"><\/iframe>\n<\/div><\/figure>\n\n\n\n<!--nextpage-->\n\n\n\n<h2 class=\"wp-block-heading\">Produljenje roka za prijave za dr\u017eavne potpore male vrijednosti i kompenzacije za \u0161tete na ulovima koju uzrokuju sisavci (dupini) u 2024. godini<\/h2>\n\n\n\n<p>Obavje\u0161tavaju se zainteresirani korisnici da su, nastavno na promjene u zakonodavstvu Europske unije, u tijeku izmjene nacionalnog zakonodavstva, to\u010dnije dono\u0161enje novih pravilnika kojima se regulira provedba mjere dodjele dr\u017eavne potpore male vrijednosti u ribarstvu i akvakulturi te mjere \u201eZa\u0161tita i obnova morske bioraznolikosti i morskih ekosustava i re\u017eimi naknade u okviru odr\u017eivih ribolovnih aktivnosti\u201c \u2013 kompenzacija za \u0161tete na ulovima koju uzrokuju sisavci.<\/p>\n\n\n\n<p>Navedenim izmjenama nacionalnog zakonodavstva se, izme\u0111u ostalog, planira produljiti rok za podno\u0161enje zahtjeva za potporu u 2024. godini (trenutno je planirano da rok za podno\u0161enje zahtjeva za obje mjere bude do 1. srpnja).<\/p>\n\n\n\n<p>Novi pravilnici, obrasci i popisi dokumentacije koja se prila\u017ee uz zahtjev za potporu \u0107e nakon slu\u017ebene objave biti dostupni na internet stranici Uprave ribarstva (<a href=\"https:\/\/ribarstvo.mps.hr\/\" target=\"_blank\" rel=\"noreferrer noopener\">https:\/\/ribarstvo.mps.hr\/<\/a>), a na kojoj se mogu pratiti i sve informacije i novosti po pitanju dr\u017eavnih potpora.<\/p>\n\n\n\n<p>Napominjemo da \u0107e se zahtjevi za potporu koji su ve\u0107 podneseni prema postoje\u0107im pravilnicima i na postoje\u0107im obrascima uzeti u obzir u obradi, te \u0107e se u takvim slu\u010dajevima od korisnika tra\u017eiti dopuna\/obrazlo\u017eenje\/ispravak, ako bude potrebno.<\/p>\n\n\n\n<p>Izvor:&nbsp;<a href=\"https:\/\/ribarstvo.mps.hr\/default.aspx?id=5319\" target=\"_blank\" rel=\"noreferrer noopener\">https:\/\/ribarstvo.mps.hr\/default.aspx?id=5319<\/a><\/p>\n\n\n\n<!--nextpage-->\n\n\n\n<h2 class=\"wp-block-heading\">Natje\u010daj za dodjelu potpore u okviru mjere IV.3. &#8220;Stavljanje na tr\u017ei\u0161te proizvoda ribarstva i akvakulture&#8221;<\/h2>\n\n\n\n<p>U Narodnim novinama broj 27\/2024 objavljen je Natje\u010daj za dodjelu potpore u okviru mjere IV.3. \u00bbStavljanje na tr\u017ei\u0161te proizvoda ribarstva i akvakulture\u00ab.<\/p>\n\n\n\n<p>Natje\u010daj se odnosi na Pravilnik o provedbi mjere IV.3. \u00bbStavljanje na tr\u017ei\u0161te proizvoda ribarstva i akvakulture\u00ab iz Narodnih novina broj 150\/2023, od 15. prosinca 2023. godine.<\/p>\n\n\n\n<p>Rok za podno\u0161enje Zahtjeva za potporu je 90 dana od objave natje\u010daja u Narodnim novinama, odnosno 3. lipnja 2024. godine. Provedba potpore i predaja zahtjeva provodi se putem informacijskog sustava FISHNET.<\/p>\n\n\n\n<p>Prihvatljivi tro\u0161kovi u okviru ovoga natje\u010daja su tro\u0161kovi nastali od 1. o\u017eujka 2022. godine, izuzev tro\u0161kova koji se ne mogu potvrditi kontrolom na terenu.<\/p>\n\n\n\n<p>Najvi\u0161i iznos potpore po korisniku na temelju ovoga natje\u010daja iznosi 670.000,00 eura.<\/p>\n\n\n\n<p>Korisnici potpore mogu biti gospodarski subjekti u ribarstvu (fizi\u010dka osoba ili pravna osoba koja je ovla\u0161tenik povlastice za gospodarski ribolov ili nositelj dozvole za akvakulturu ili korisnik odobrenog objekta za preradu proizvoda ribarstva i akvakulture) ili zajedni\u010dki korisnici (organizacija\/udru\u017eenje subjekata u ribarstvu priznati sukladno posebnim propisima ili javno tijelo utemeljeno zakonom koje predstavlja subjekte u ribarstvu, koji provodi zajedni\u010dku operaciju).<\/p>\n\n\n\n<p><strong>VA\u017dNO:<\/strong><\/p>\n\n\n\n<ul class=\"wp-block-list\">\n<li>Kao ni u 2022. godini, iz ove mjere ne\u0107e se mo\u0107i financirati vozila hladnja\u010de (tro\u0161kovi kupnje slu\u017ebenih i specijaliziranih vozila). Od ostalih neprihvatljivih tro\u0161kova isti\u010demo potro\u0161ni materijal, primarnu sirovinu i repromaterijal, osim ako su takvi tro\u0161kovi sastavni dio nabavljene usluge te su obuhva\u0107eni ponudom odnosno tehni\u010dkom specifikacijom\/tro\u0161kovnikom za tu uslugu te nabavu opreme\/ure\u0111aja\/strojeva za pakiranje.<\/li>\n\n\n\n<li>To NIJE natje\u010daj za kompenzaciju za rat u Ukrajini!<\/li>\n<\/ul>\n\n\n\n<p>Vi\u0161e informacija na:&nbsp;<\/p>\n\n\n\n<p><a href=\"https:\/\/narodne-novine.nn.hr\/clanci\/oglasi\/o8371942.html\" target=\"_blank\" rel=\"noreferrer noopener\">https:\/\/narodne-novine.nn.hr\/clanci\/oglasi\/o8371942.html<\/a><\/p>\n\n\n\n<p><a href=\"https:\/\/narodne-novine.nn.hr\/clanci\/sluzbeni\/2023_12_150_2168.html?ref=morski.hr\">https:\/\/narodne-novine.nn.hr\/clanci\/sluzbeni\/2023_12_150_2168.html?ref=morski.hr<\/a><\/p>\n\n\n\n<!--nextpage-->\n\n\n\n<p><strong>POZIVNICA<\/strong><\/p>\n\n\n\n<p>Pozivamo potencijalne prijavitelje i sve zainteresirane na predstavljanje&nbsp; FLAG-natje\u010daja u okviru Mjere B.1.1. Mali muzeji ribarstvene i\/ ili brodograditeljske ba\u0161tine iz Lokalne razvojne strategije u ribarstvu Lokalne akcijske grupe u ribarstvu TUNERA koja \u0107e se odr\u017eati, uz po\u0161tivanje epidemiolo\u0161kih mjera u dvorani\/zatvorenom prostoru,<\/p>\n\n\n\n<p><strong>19. velja\u010de 2021. g<\/strong>. u gradskoj vije\u0107nici Grada Crikvenice, na adresi Vinodolska 1,&nbsp; <strong>s po\u010detkom u 11:00 sati<\/strong>.<\/p>\n\n\n\n<p><\/p>\n\n\n\n<div class=\"wp-block-file\"><a id=\"wp-block-file--media-7379ead2-b769-4692-b82a-0ddcf3ebe651\" href=\"http:\/\/lagur-tunera.hr\/wp\/wp-content\/uploads\/2021\/02\/POZIV-radionica-Flag.jpg\">POZIV-radionica-Flag<\/a><a href=\"http:\/\/lagur-tunera.hr\/wp\/wp-content\/uploads\/2021\/02\/POZIV-radionica-Flag.jpg\" class=\"wp-block-file__button wp-element-button\" download aria-describedby=\"wp-block-file--media-7379ead2-b769-4692-b82a-0ddcf3ebe651\">Download<\/a><\/div>\n\n\n\n<!--nextpage-->\n\n\n\n<figure class=\"wp-block-image size-large is-resized is-style-default\"><img loading=\"lazy\" decoding=\"async\" width=\"962\" height=\"1024\" src=\"http:\/\/lagur-tunera.hr\/wp\/wp-content\/uploads\/2021\/03\/Leader-30-962x1024.jpg\" alt=\"\" class=\"wp-image-708\" style=\"width:481px;height:512px\" srcset=\"http:\/\/lagur-tunera.hr\/wp\/wp-content\/uploads\/2021\/03\/Leader-30-962x1024.jpg 962w, http:\/\/lagur-tunera.hr\/wp\/wp-content\/uploads\/2021\/03\/Leader-30-282x300.jpg 282w, http:\/\/lagur-tunera.hr\/wp\/wp-content\/uploads\/2021\/03\/Leader-30-768x817.jpg 768w, http:\/\/lagur-tunera.hr\/wp\/wp-content\/uploads\/2021\/03\/Leader-30-1443x1536.jpg 1443w, http:\/\/lagur-tunera.hr\/wp\/wp-content\/uploads\/2021\/03\/Leader-30.jpg 1804w\" sizes=\"auto, (max-width: 962px) 100vw, 962px\" \/><figcaption class=\"wp-element-caption\"><strong>\u010cestitke!<\/strong><\/figcaption><\/figure>\n","protected":false},"excerpt":{"rendered":"<p>Obavje\u0161tavamo sve zainteresirane da je u izborniku ZA PODUZETNIKE, Mjere za poticanje razvoja poduzetni\u0161tva na mre\u017enoj&nbsp;stranici Grada Crikvenice dana 07.svibnja 2024. objavljen Javni&nbsp;poziv za podno\u0161enje prijava za dodjelu nepovratnih potpora iz Programa mjera&nbsp;poticanja razvoja poduzetni\u0161tva na podru\u010dju grada Crikvenice za&#8230; <a href=\"http:\/\/lagur-tunera.hr\/wp\/?page_id=678\" class=\"readmore\">Read more<span class=\"screen-reader-text\">OBAVIJESTI<\/span><span class=\"fa fa-angle-double-right\" aria-hidden=\"true\"><\/span><\/a><\/p>\n","protected":false},"author":1,"featured_media":0,"parent":0,"menu_order":0,"comment_status":"closed","ping_status":"closed","template":"","meta":{"footnotes":""},"class_list":["post-678","page","type-page","status-publish","hentry"],"_links":{"self":[{"href":"http:\/\/lagur-tunera.hr\/wp\/index.php?rest_route=\/wp\/v2\/pages\/678","targetHints":{"allow":["GET"]}}],"collection":[{"href":"http:\/\/lagur-tunera.hr\/wp\/index.php?rest_route=\/wp\/v2\/pages"}],"about":[{"href":"http:\/\/lagur-tunera.hr\/wp\/index.php?rest_route=\/wp\/v2\/types\/page"}],"author":[{"embeddable":true,"href":"http:\/\/lagur-tunera.hr\/wp\/index.php?rest_route=\/wp\/v2\/users\/1"}],"replies":[{"embeddable":true,"href":"http:\/\/lagur-tunera.hr\/wp\/index.php?rest_route=%2Fwp%2Fv2%2Fcomments&post=678"}],"version-history":[{"count":14,"href":"http:\/\/lagur-tunera.hr\/wp\/index.php?rest_route=\/wp\/v2\/pages\/678\/revisions"}],"predecessor-version":[{"id":946,"href":"http:\/\/lagur-tunera.hr\/wp\/index.php?rest_route=\/wp\/v2\/pages\/678\/revisions\/946"}],"wp:attachment":[{"href":"http:\/\/lagur-tunera.hr\/wp\/index.php?rest_route=%2Fwp%2Fv2%2Fmedia&parent=678"}],"curies":[{"name":"wp","href":"https:\/\/api.w.org\/{rel}","templated":true}]}}