{"id":864,"date":"2024-01-14T08:01:44","date_gmt":"2024-01-14T08:01:44","guid":{"rendered":"https:\/\/lagur-tunera.hr\/wp\/?page_id=864"},"modified":"2024-01-14T10:17:04","modified_gmt":"2024-01-14T10:17:04","slug":"flag-natjecaj-za-dodjelu-potpore-u-okviru-mjere-b-1-2-tunere","status":"publish","type":"page","link":"http:\/\/lagur-tunera.hr\/wp\/?page_id=864","title":{"rendered":"FLAG NATJE\u010cAJ ZA DODJELU POTPORE U OKVIRU MJERE B.1.2. TUNERE"},"content":{"rendered":"\n<p><em>Dana 13.12.2023. godine LAGUR Tunera je usvojio izmjenu svih aktualnih natje\u010daja iz Lokalne razvojne strategije u ribarstvu LAGUR-a Tunera. Predmetna izmjena se odnosi na tekst natje\u010daja koji je uskla\u0111en sa \u010dl. 14 Pravilnika o izmjenama i dopunama pravilnika o uvjetima, kriterijima, na\u010dinu odabira, financiranja i provedbe lokalnih razvojnih strategija u ribarstvu, kojim se produljuje krajnji roka za podno\u0161enje Zahtjeva za isplatu LAGUR-u od strane nositelja projekta (do 1. velja\u010de 2024. godine), ne dovode\u0107i u pitanje razdoblje prihvatljivosti&nbsp;tro\u0161kova (do 31.12.2023.).<\/em><\/p>\n\n\n\n<div class=\"wp-block-file\"><a id=\"wp-block-file--media-91d875de-649f-4aa6-94ad-ad9059d2f6a6\" href=\"https:\/\/lagur-tunera.hr\/wp\/wp-content\/uploads\/2024\/01\/Tekst-natjecaja-B.1.2.-12-23.pdf\">Tekst-natjecaja-B.1.2.-12-23<\/a><a href=\"https:\/\/lagur-tunera.hr\/wp\/wp-content\/uploads\/2024\/01\/Tekst-natjecaja-B.1.2.-12-23.pdf\" class=\"wp-block-file__button wp-element-button\" download aria-describedby=\"wp-block-file--media-91d875de-649f-4aa6-94ad-ad9059d2f6a6\">Download<\/a><\/div>\n\n\n\n<hr class=\"wp-block-separator has-alpha-channel-opacity\"\/>\n\n\n\n<p><strong>FLAG NATJE\u010cAJ ZA DODJELU POTPORE PROJEKTIMA U OKVIRU MJERE B.1.2. TUNERE IZ LOKALNE RAZVOJNE STRATEGIJE U RIBARSTVU 2014.-2020. FLAG-a TUNERA<\/strong><\/p>\n\n\n\n<p>14. 4. 2021.<\/p>\n\n\n\n<div class=\"wp-block-file\"><a id=\"wp-block-file--media-64aa4929-eee7-4448-aff0-66bc342776f8\" href=\"http:\/\/lagur-tunera.hr\/wp\/wp-content\/uploads\/2022\/03\/B.1.2.-Tunere.pdf\">Popis odabranih projekata mo\u017eete preuzeti ovdje<\/a><a href=\"http:\/\/lagur-tunera.hr\/wp\/wp-content\/uploads\/2022\/03\/B.1.2.-Tunere.pdf\" class=\"wp-block-file__button wp-element-button\" download aria-describedby=\"wp-block-file--media-64aa4929-eee7-4448-aff0-66bc342776f8\">Download<\/a><\/div>\n\n\n\n<p>Predmet natje\u010daja je dodjela javne potpore za provedbu projekata u okviru odobrene mjere LRSR u cilju promicanja dru\u0161tvene dobrobiti i kulturne ba\u0161tine u ribarstvenim i akvakulturnim podru\u010djima, uklju\u010duju\u0107i ribarstvenu, akvakulturnu i pomorsku kulturnu ba\u0161tinu unutar ribarstvenog podru\u010dja FLAG-a TUNERA. Mjera B.1.2. Tunere se odnosi na aktivnosti kojima se doprinosi o\u010duvanju ribarstvene i pomorske ba\u0161tine te stvaranju prepoznatljivog amblema ribarstvenog podru\u010dja.                                                                                                                                                                           Rok za podno\u0161enje prijava po\u010dinje te\u0107i od <strong>28. 4. 2021. <\/strong>godine do<strong> 31. 5. 2021. godine.<\/strong>                                                 Ukupno raspolo\u017eiva sredstva javne potpore za sufinanciranje Mjere B.1.2. na ovom FLAG natje\u010daju iznose     <strong>1.358.460,00 kn.       <\/strong>    <\/p>\n\n\n\n<p><strong>Natje\u010dajna dokumentacija:  <\/strong><\/p>\n\n\n<p>FLAG Natje\u010daj za Mjeru B.1.2. mo\u017eete preuzeti <a href=\"http:\/\/lagur-tunera.hr\/wp\/wp-content\/uploads\/2021\/04\/Tekst-natjecaja-B.1.2.-1.pdf\">ovdje<\/a><\/p>\n<p><strong>Obrasci:<\/strong><\/p>\n<p><a href=\"http:\/\/lagur-tunera.hr\/wp\/wp-content\/uploads\/2021\/04\/Obrazac-1.A.-Zahtjev-za-potporu-3.docx\">Obrazac-1.A.-Zahtjev-za-potporu-3<\/a><\/p>\n<p><a href=\"http:\/\/lagur-tunera.hr\/wp\/wp-content\/uploads\/2021\/04\/Obrazac-1.B.-Zahtjev-za-potporu-Lista-troskova.xlsx\">Obrazac-1.B.-Zahtjev-za-potporu-Lista-troskova<\/a><\/p>\n<p><a href=\"http:\/\/lagur-tunera.hr\/wp\/wp-content\/uploads\/2021\/04\/Obrazac-2.-Poslovni-plan-1.xlsx\">Obrazac 2. Poslovni plan<\/a><\/p>\n<p><a href=\"http:\/\/lagur-tunera.hr\/wp\/wp-content\/uploads\/2021\/04\/Obrazac-3.-Sazetak-prikupljenih-ponuda-najniza-ponuda-1.docx\">Obrazac 3. Sa\u017eetak prikupljenih ponuda-najni\u017ea ponuda<\/a><\/p>\n<p><a href=\"http:\/\/lagur-tunera.hr\/wp\/wp-content\/uploads\/2021\/04\/Obrazac-4.-Zahtjev-za-promjenu_operacije-1.docx\">Obrazac 4. Zahtjev-za-promjenu_operacije<\/a><\/p>\n<p><a href=\"http:\/\/lagur-tunera.hr\/wp\/wp-content\/uploads\/2023\/02\/Obrazac-5.A.-Zahtjev-za-isplatu-B.1.2.-Tunere.docx\">Obrazac 5.A. Zahtjev za isplatu<\/a><\/p>\n<p><a href=\"http:\/\/lagur-tunera.hr\/wp\/wp-content\/uploads\/2023\/02\/Obrazac-4.B.-Prilog-Zahtjevu-za-isplatu_Izjava-o-izdacima_mjera-B.1.2.-Tunere-HRK_EUR.xlsx\">Obrazac 5.B. Zahtjev za isplatu Izjava o izdacima UR<\/a><\/p>\n<p><a href=\"http:\/\/lagur-tunera.hr\/wp\/wp-content\/uploads\/2021\/04\/Obrazac-6.-Izjava-o-nepostojanju-sukoba-interesa_LRSR.doc\">Obrazac 6. Izjava o nepostojanju sukoba interesa_LRSR<\/a><\/p>\n<p><a href=\"http:\/\/lagur-tunera.hr\/wp\/wp-content\/uploads\/2021\/04\/Obrazac-7.-Izjava-o-nepostojanju-vlasnicke-povezanosti_LRSR.doc\">Obrazac 7. Izjava o nepostojanju vlasni\u010dke povezanosti_LRSR<\/a><\/p>\n<p><a href=\"http:\/\/lagur-tunera.hr\/wp\/wp-content\/uploads\/2021\/04\/Obrazac-8.-Izvjestaj-o-napretku.docx\">Obrazac 8. Izvje\u0161taj o napretku<\/a><\/p>\n<p><strong>Prilozi:<\/strong><\/p>\n<p><a href=\"http:\/\/lagur-tunera.hr\/wp\/wp-content\/uploads\/2021\/04\/Prilog-I-Kriteriji-odabira-za-Mjeru-B.1.2..docx\">Prilog I Kriteriji odabira za Mjeru B.1.2.<\/a><\/p>\n<p><a href=\"http:\/\/lagur-tunera.hr\/wp\/wp-content\/uploads\/2021\/04\/Prilog-II-Popis-dokumentacije-uz-Zahtjev-za-potporu-1.docx\">Prilog II Popis dokumentacije uz Zahtjev za potporu<\/a><\/p>\n<p><a href=\"http:\/\/lagur-tunera.hr\/wp\/wp-content\/uploads\/2021\/04\/Prilog-III-Pravila-i-upute-za-provedbu-nabave_nositelj-projekta-.pdf\">Prilog III Pravila-i-upute-za-provedbu-nabave_nositelj-projekta-<\/a><\/p>\n<p><a href=\"http:\/\/lagur-tunera.hr\/wp\/wp-content\/uploads\/2021\/04\/Prilog-IV-Popis-dokumentacije-uz-Zahtjev-za-isplatu.docx\">Prilog IV Popis dokumentacije uz Zahtjev za isplatu<\/a><\/p>\n<p><a href=\"http:\/\/lagur-tunera.hr\/wp\/wp-content\/uploads\/2021\/04\/Prilog-V-Pravila-i-upute-za-provedbu-mjera-informiranja-i-promidzbe_prosinac-2019.pdf\">Prilog V Pravila-i-upute-za-provedbu-mjera-informiranja-i-promid\u017ebe_prosinac-2019<\/a><\/p>\n<p><a href=\"http:\/\/lagur-tunera.hr\/wp\/wp-content\/uploads\/2021\/04\/Prilog-VI-Upute-za-cuvanje-dokumentacije.pdf\">Prilog VI Upute-za-\u010duvanje-dokumentacije<\/a><\/p>\n<p><a href=\"http:\/\/lagur-tunera.hr\/wp\/wp-content\/uploads\/2021\/04\/Prilog-VII-Popis-dokumentacije-uz-Zahtjev-za-promjenu.docx\">Prilog VII Popis dokumentacije uz Zahtjev za promjenu<\/a><\/p>\n<p><a href=\"http:\/\/lagur-tunera.hr\/wp\/wp-content\/uploads\/2021\/04\/Prilog-VIII-Izjava-nositelja-projekta-o-nemogucnosti-odbitka-pretporeza.docx\">Prilog VIII Izjava nositelja projekta o nemogu\u0107nosti odbitka pretporeza<\/a><\/p>\n<p><a tabindex=\"-1\" href=\"http:\/\/lagur-tunera.hr\/wp\/wp-content\/uploads\/2021\/04\/Prilog-IX-Lokacije-stajacih-tunera.docx\" target=\"_blank\" rel=\"noopener\">Prilog-IX-Lokacije-stajacih-tunera.docx<\/a><\/p>\n<p><a href=\"http:\/\/lagur-tunera.hr\/wp\/wp-content\/uploads\/2021\/05\/Pitanja-B.1.2.-Tunere.pdf\">Pitanja potencijalnih prijavitelja<\/a><\/p>","protected":false},"excerpt":{"rendered":"<p>Dana 13.12.2023. godine LAGUR Tunera je usvojio izmjenu svih aktualnih natje\u010daja iz Lokalne razvojne strategije u ribarstvu LAGUR-a Tunera. Predmetna izmjena se odnosi na tekst natje\u010daja koji je uskla\u0111en sa \u010dl. 14 Pravilnika o izmjenama i dopunama pravilnika o uvjetima,&#8230; <a href=\"http:\/\/lagur-tunera.hr\/wp\/?page_id=864\" class=\"readmore\">Read more<span class=\"screen-reader-text\">FLAG NATJE\u010cAJ ZA DODJELU POTPORE U OKVIRU MJERE B.1.2. TUNERE<\/span><span class=\"fa fa-angle-double-right\" aria-hidden=\"true\"><\/span><\/a><\/p>\n","protected":false},"author":1,"featured_media":0,"parent":0,"menu_order":0,"comment_status":"closed","ping_status":"closed","template":"","meta":{"footnotes":""},"class_list":["post-864","page","type-page","status-publish","hentry"],"_links":{"self":[{"href":"http:\/\/lagur-tunera.hr\/wp\/index.php?rest_route=\/wp\/v2\/pages\/864","targetHints":{"allow":["GET"]}}],"collection":[{"href":"http:\/\/lagur-tunera.hr\/wp\/index.php?rest_route=\/wp\/v2\/pages"}],"about":[{"href":"http:\/\/lagur-tunera.hr\/wp\/index.php?rest_route=\/wp\/v2\/types\/page"}],"author":[{"embeddable":true,"href":"http:\/\/lagur-tunera.hr\/wp\/index.php?rest_route=\/wp\/v2\/users\/1"}],"replies":[{"embeddable":true,"href":"http:\/\/lagur-tunera.hr\/wp\/index.php?rest_route=%2Fwp%2Fv2%2Fcomments&post=864"}],"version-history":[{"count":3,"href":"http:\/\/lagur-tunera.hr\/wp\/index.php?rest_route=\/wp\/v2\/pages\/864\/revisions"}],"predecessor-version":[{"id":888,"href":"http:\/\/lagur-tunera.hr\/wp\/index.php?rest_route=\/wp\/v2\/pages\/864\/revisions\/888"}],"wp:attachment":[{"href":"http:\/\/lagur-tunera.hr\/wp\/index.php?rest_route=%2Fwp%2Fv2%2Fmedia&parent=864"}],"curies":[{"name":"wp","href":"https:\/\/api.w.org\/{rel}","templated":true}]}}