{"id":868,"date":"2024-01-14T08:13:05","date_gmt":"2024-01-14T08:13:05","guid":{"rendered":"https:\/\/lagur-tunera.hr\/wp\/?page_id=868"},"modified":"2024-01-14T10:22:40","modified_gmt":"2024-01-14T10:22:40","slug":"flag-natjecaj-za-dodjelu-potpore-u-okviru-mjere-a-1-3-povecanje-svijesti-o-nutritivnim-vrijednostima-ribe-kod-djece-u-vrticima","status":"publish","type":"page","link":"http:\/\/lagur-tunera.hr\/wp\/?page_id=868","title":{"rendered":"FLAG NATJE\u010cAJ ZA DODJELU POTPORE U OKVIRU MJERE A.1.3. POVE\u0106ANJE SVIJESTI O NUTRITIVNIM VRIJEDNOSTIMA RIBE KOD DJECE U VRTI\u0106IMA"},"content":{"rendered":"\n<p><em>Dana 13.12.2023. godine LAGUR Tunera je usvojio izmjenu svih aktualnih natje\u010daja iz Lokalne razvojne strategije u ribarstvu LAGUR-a Tunera. Predmetna izmjena se odnosi na tekst natje\u010daja koji je uskla\u0111en sa \u010dl. 14 Pravilnika o izmjenama i dopunama pravilnika o uvjetima, kriterijima, na\u010dinu odabira, financiranja i provedbe lokalnih razvojnih strategija u ribarstvu, kojim se produljuje krajnji roka za podno\u0161enje Zahtjeva za isplatu LAGUR-u od strane nositelja projekta (do 1. velja\u010de 2024. godine), ne dovode\u0107i u pitanje razdoblje prihvatljivosti&nbsp;tro\u0161kova (do 31.12.2023.).<\/em><\/p>\n\n\n\n<div class=\"wp-block-file\"><a id=\"wp-block-file--media-193981f9-ca70-49b7-b973-55b83a8f29b6\" href=\"https:\/\/lagur-tunera.hr\/wp\/wp-content\/uploads\/2024\/01\/Tekst-natjecaja-A.1.3.-Izmjene-12-23.pdf\">Tekst-natjecaja-A.1.3.-Izmjene-12-23<\/a><a href=\"https:\/\/lagur-tunera.hr\/wp\/wp-content\/uploads\/2024\/01\/Tekst-natjecaja-A.1.3.-Izmjene-12-23.pdf\" class=\"wp-block-file__button wp-element-button\" download aria-describedby=\"wp-block-file--media-193981f9-ca70-49b7-b973-55b83a8f29b6\">Download<\/a><\/div>\n\n\n\n<hr class=\"wp-block-separator has-alpha-channel-opacity\"\/>\n\n\n\n<p><strong>Izmjena Natje\u010daja u okviru Mjere A.1.3. Pove\u0107anje svijesti o nutritivnim vrijednostima ribe kod djece u vrti\u0107ima<\/strong><\/p>\n\n\n\n<p>Na sjednici Upravnog odbora, koja je odr\u017eana 23.12.2021. godine donesena je Odluka o izmjeni natje\u010daja u okviru Mjere A.1.3. Pove\u0107anje svijesti o nutritivnim vrijednostima ribe kod djece u vrti\u0107ima: Tekst FLAG natje\u010daja, to\u010dka 13. Zahtjev za isplatu- produljenje roka za podno\u0161enje zahtjeva do 31.12.2023. godine.<\/p>\n\n\n\n<p>U preostalom dijelu Natje\u010daj za provedbu u okviru&nbsp; Mjere A.1.3. Pove\u0107anje svijesti o nutritivnim vrijednostima ribe kod djece u vrti\u0107ima iz LRSR 2014.-2020. FLAG-a TUNERA, ostaje neizmijenjen.<\/p>\n\n\n\n<div class=\"wp-block-file\"><a id=\"wp-block-file--media-2ec8aa29-f2bb-4eec-a848-7f235b0ebc4d\" href=\"http:\/\/lagur-tunera.hr\/wp\/wp-content\/uploads\/2022\/03\/Tekst-natjecaja-A.1.3.-1.-IZMJENA.pdf\">Izmjenjeni tekst natje\u010daja mo\u017eete preuzeti ovdje<\/a><a href=\"http:\/\/lagur-tunera.hr\/wp\/wp-content\/uploads\/2022\/03\/Tekst-natjecaja-A.1.3.-1.-IZMJENA.pdf\" class=\"wp-block-file__button wp-element-button\" download aria-describedby=\"wp-block-file--media-2ec8aa29-f2bb-4eec-a848-7f235b0ebc4d\">Download<\/a><\/div>\n\n\n\n<hr class=\"wp-block-separator has-alpha-channel-opacity\"\/>\n\n\n\n<p><strong>FLAG NATJE\u010cAJ ZA DODJELU POTPORE PROJEKTIMA U OKVIRU MJERE A.1.3. POVE\u0106ANJE SVIJESTI O NUTRITIVNIM VRIJEDNOSTIMA RIBE KOD DJECE U VRTI\u0106IMA IZ LOKALNE RAZVOJNE STRATEGIJE U RIBARSTVU 2014.-2020. FLAG-a TUNERA<\/strong><\/p>\n\n\n\n<div class=\"wp-block-file\"><a id=\"wp-block-file--media-a895bc9a-d43e-45d3-8418-28d18ba8b7b8\" href=\"http:\/\/lagur-tunera.hr\/wp\/wp-content\/uploads\/2022\/03\/A.1.3.-Snjezna-pahulja.pdf\">Popis odabranih projekata mo\u017eete preuzeti ovdje<\/a><a href=\"http:\/\/lagur-tunera.hr\/wp\/wp-content\/uploads\/2022\/03\/A.1.3.-Snjezna-pahulja.pdf\" class=\"wp-block-file__button wp-element-button\" download aria-describedby=\"wp-block-file--media-a895bc9a-d43e-45d3-8418-28d18ba8b7b8\">Download<\/a><\/div>\n\n\n\n<p>17. 12. 2020.<\/p>\n\n\n\n<p>Predmet natje\u010daja Lokalne akcijske grupe u ribarstvu TUNERA (u daljnjem tekstu: FLAG) je dodjela javne potpore za provedbu aktivnosti u okviru odobrene mjere LRSR s ciljem olak\u0161avanja dostupnosti i pripreme lokalnog ulova u ustanovama za pred\u0161kolsko obrazovanje koje imaju mogu\u0107nost pripreme obroka, te pove\u0107anja potro\u0161nje proizvoda ribarstva i akvakulture i stvaranje zdravih navika u prehrani od najranije dobi, te odr\u017eavanja edukativnih aktivnosti vezanih uz pove\u0107anje osvije\u0161tenosti i informiranosti krajnjih potro\u0161a\u010da o va\u017enosti i dobrobiti konzumacije proizvoda ribarstva i akvakulture na podru\u010dju FLAG-a TUNERA.<\/p>\n\n\n\n<p>Rok za podno\u0161enje prijava po\u010dinje te\u0107i od <strong>23. 12. 2020.<\/strong> godine do<strong> 31. 1. 2021.<\/strong> godine.<\/p>\n\n\n\n<p>Ukupno raspolo\u017eiva sredstva javne potpore za sufinanciranje Mjere A.1.3. na ovom FLAG natje\u010daju iznose: <strong>75.470,00 kn.<\/strong><\/p>\n\n\n\n<p>Najvi\u0161i iznos javne potpore po korisniku\/projektu iznosi <strong>75.470,00 kn.<\/strong><\/p>\n\n\n\n<h5 class=\"wp-block-heading\"><strong>Natje\u010dajna dokumentacija:<\/strong><\/h5>\n\n\n\n<p>FLAG Natje\u010daj za Mjeru A.1.3. mo\u017eete preuzeti <a href=\"http:\/\/lagur-tunera.hr\/wp\/wp-content\/uploads\/2020\/12\/FLAG-natjecaj-A.1.3..pdf\" data-type=\"URL\" data-id=\"http:\/\/lagur-tunera.hr\/wp\/wp-content\/uploads\/2020\/12\/FLAG-natjecaj-A.1.3..pdf\">ovdje<\/a><\/p>\n\n\n\n<p><strong>Obrasci:<\/strong><\/p>\n\n\n\n<ol class=\"wp-block-list\">\n<li><a href=\"http:\/\/lagur-tunera.hr\/wp\/wp-content\/uploads\/2020\/10\/Obrazac-1.A-Zahtjev-za-potporu.docx\">Obrazac 1.A Zahtjev za potporu<\/a> &nbsp;&nbsp;<\/li>\n\n\n\n<li><a href=\"http:\/\/lagur-tunera.hr\/wp\/wp-content\/uploads\/2020\/08\/Obrazac-1.B.-Zahtjev-za-potporu-Lista-tro\u0161kova.xlsx\">Obrazac 1.B. Zahtjev za potporu Lista tro\u0161kova<\/a> &nbsp;&nbsp;<\/li>\n\n\n\n<li><a href=\"http:\/\/lagur-tunera.hr\/wp\/wp-content\/uploads\/2020\/08\/Obrazac-2.-Opis-projekta.docx\">Obrazac 2. Opis projekta<\/a> &nbsp;&nbsp; &nbsp;&nbsp; &nbsp;&nbsp; &nbsp;&nbsp;<\/li>\n\n\n\n<li><a href=\"http:\/\/lagur-tunera.hr\/wp\/wp-content\/uploads\/2020\/08\/Obrazac-3UR.-Zahtjev-za-odobrenje-promjena.docx\">Obrazac 3. Zahtjev za odobrenje promjena<\/a><\/li>\n\n\n\n<li><a href=\"http:\/\/lagur-tunera.hr\/wp\/wp-content\/uploads\/2023\/02\/Obrazac-4.A.-Zahtjev-za-isplatu-HRK-EUR.docx\">Obrazac 4.A. Zahtjev za isplatu<\/a>&nbsp; &nbsp; &nbsp; &nbsp; &nbsp; &nbsp;<\/li>\n\n\n\n<li><a href=\"http:\/\/lagur-tunera.hr\/wp\/wp-content\/uploads\/2023\/02\/Obrazac-4.B.-Prilog-Zahtjevu-za-isplatu_Izjava-o-izdacima_mjera-a.1.3.-Povecanje-svijesti-o-nutritivnim-vrijednostima-HRK_EUR.xlsx\">Obrazac 4.B. Zahtjev za isplatu Izjava o izdacima<\/a>&nbsp;<\/li>\n\n\n\n<li><a href=\"http:\/\/lagur-tunera.hr\/wp\/wp-content\/uploads\/2020\/08\/Obrazac-5.-Izvje\u0161taj-o-napretku.docx\">Obrazac 5. Izvje\u0161taj o napretku<\/a>&nbsp; &nbsp; &nbsp; &nbsp; &nbsp; &nbsp;<\/li>\n\n\n\n<li><a href=\"http:\/\/lagur-tunera.hr\/wp\/wp-content\/uploads\/2020\/08\/Obrazac-6.-Izjava-o-nepostojanju-sukoba-interesa.doc\">Obrazac 6. Izjava o nepostojanju sukoba interesa<\/a><\/li>\n\n\n\n<li><a href=\"http:\/\/lagur-tunera.hr\/wp\/wp-content\/uploads\/2020\/08\/Obrazac-7.-Izjava-o-nepostojanju-vlasni\u010dke-povezanosti.doc\">Obrazac 7. Izjava o nepostojanju vlasni\u010dke povezanosti<\/a><\/li>\n\n\n\n<li><a href=\"http:\/\/lagur-tunera.hr\/wp\/wp-content\/uploads\/2020\/08\/Poslovni-plan_M.docx\">Obrazac 8. Poslovni plan<\/a><\/li>\n<\/ol>\n\n\n\n<hr class=\"wp-block-separator has-alpha-channel-opacity\"\/>\n\n\n\n<p><strong>FLAG NATJE\u010cAJ ZA DODJELU POTPORE PROJEKTIMA U OKVIRU MJERE A.1.3. POVE\u0106ANJE SVIJESTI O NUTRITIVNIM VRIJEDNOSTIMA RIBE KOD DJECE U VRTI\u0106IMA IZ LOKALNE RAZVOJNE STRATEGIJE U RIBARSTVU 2014.-2020. FLAG-a TUNERA<\/strong><\/p>\n\n\n\n<div class=\"wp-block-file\"><a id=\"wp-block-file--media-4fd01f2d-610c-43bf-84bd-0b8169f57194\" href=\"http:\/\/lagur-tunera.hr\/wp\/wp-content\/uploads\/2022\/03\/A.1.3.-Vrtici.pdf\">Popis odabranih projekata mo\u017eete preuzeti ovdje<\/a><a href=\"http:\/\/lagur-tunera.hr\/wp\/wp-content\/uploads\/2022\/03\/A.1.3.-Vrtici.pdf\" class=\"wp-block-file__button wp-element-button\" download aria-describedby=\"wp-block-file--media-4fd01f2d-610c-43bf-84bd-0b8169f57194\">Download<\/a><\/div>\n\n\n\n<p>3. 8. 2020.<\/p>\n\n\n\n<p>Predmet natje\u010daja Lokalne akcijske grupe u ribarstvu TUNERA (u daljnjem tekstu: FLAG) je dodjela javne potpore za provedbu aktivnosti u okviru odobrene mjere LRSR s ciljem olak\u0161avanja dostupnosti i pripreme lokalnog ulova u ustanovama za pred\u0161kolsko obrazovanje koje imaju mogu\u0107nost pripreme obroka, te pove\u0107anja potro\u0161nje proizvoda ribarstva i akvakulture i stvaranje zdravih navika u prehrani od najranije dobi, te odr\u017eavanja edukativnih aktivnosti vezanih uz pove\u0107anje osvije\u0161tenosti i informiranosti krajnjih potro\u0161a\u010da o va\u017enosti i dobrobiti konzumacije proizvoda ribarstva i akvakulture na podru\u010dju FLAG-a TUNERA.<\/p>\n\n\n\n<p>Rok za podno\u0161enje prijava po\u010dinje te\u0107i od <strong>21. 8. 2020.<\/strong> godine do<strong> 2. 10. 2020.<\/strong> godine.<\/p>\n\n\n\n<p>Ukupno raspolo\u017eiva sredstva javne potpore za sufinanciranje Mjere A.1.3. na ovom FLAG natje\u010daju iznose: <strong>528.290,00 kn.<\/strong><\/p>\n\n\n\n<p>Najvi\u0161i iznos javne potpore po korisniku\/projektu iznosi 75.470,00 kn.<\/p>\n\n\n\n<h5 class=\"wp-block-heading\"><strong>Natje\u010dajna dokumentacija:<\/strong><\/h5>\n\n\n\n<p>FLAG Natje\u010daj za Mjeru A.1.3. mo\u017eete preuzeti <a href=\"http:\/\/lagur-tunera.hr\/wp\/wp-content\/uploads\/2020\/08\/FLAG-NATJE\u010cAJ-A.1.3..pdf\">ovdje<\/a><\/p>\n\n\n\n<p><strong>Obrasci:<\/strong><\/p>\n\n\n\n<ol class=\"wp-block-list\">\n<li><a href=\"http:\/\/lagur-tunera.hr\/wp\/wp-content\/uploads\/2020\/10\/Obrazac-1.A-Zahtjev-za-potporu.docx\">Obrazac 1.A Zahtjev za potporu<\/a> &nbsp;&nbsp;<\/li>\n\n\n\n<li><a href=\"http:\/\/lagur-tunera.hr\/wp\/wp-content\/uploads\/2020\/08\/Obrazac-1.B.-Zahtjev-za-potporu-Lista-tro\u0161kova.xlsx\">Obrazac 1.B. Zahtjev za potporu Lista tro\u0161kova<\/a> &nbsp;&nbsp;<\/li>\n\n\n\n<li><a href=\"http:\/\/lagur-tunera.hr\/wp\/wp-content\/uploads\/2020\/08\/Obrazac-2.-Opis-projekta.docx\">Obrazac 2. Opis projekta<\/a> &nbsp;&nbsp; &nbsp;&nbsp; &nbsp;&nbsp; &nbsp;&nbsp;<\/li>\n\n\n\n<li><a href=\"http:\/\/lagur-tunera.hr\/wp\/wp-content\/uploads\/2020\/08\/Obrazac-3UR.-Zahtjev-za-odobrenje-promjena.docx\">Obrazac 3. Zahtjev za odobrenje promjena<\/a><\/li>\n\n\n\n<li><a href=\"http:\/\/lagur-tunera.hr\/wp\/wp-content\/uploads\/2023\/02\/Obrazac-4.A.-Zahtjev-za-isplatu-HRK-EUR.docx\">Obrazac 4.A. Zahtjev za isplatu<\/a>&nbsp; &nbsp; &nbsp; &nbsp; &nbsp; &nbsp;<\/li>\n\n\n\n<li><a href=\"http:\/\/lagur-tunera.hr\/wp\/wp-content\/uploads\/2023\/02\/Obrazac-4.B.-Prilog-Zahtjevu-za-isplatu_Izjava-o-izdacima_mjera-a.1.3.-Povecanje-svijesti-o-nutritivnim-vrijednostima-HRK_EUR.xlsx\">Obrazac 4.B. Zahtjev za isplatu Izjava o izdacima<\/a>&nbsp;<\/li>\n\n\n\n<li><a href=\"http:\/\/lagur-tunera.hr\/wp\/wp-content\/uploads\/2020\/08\/Obrazac-5.-Izvje\u0161taj-o-napretku.docx\">Obrazac 5. Izvje\u0161taj o napretku<\/a>&nbsp; &nbsp; &nbsp; &nbsp; &nbsp; &nbsp;<\/li>\n\n\n\n<li><a href=\"http:\/\/lagur-tunera.hr\/wp\/wp-content\/uploads\/2020\/08\/Obrazac-6.-Izjava-o-nepostojanju-sukoba-interesa.doc\">Obrazac 6. Izjava o nepostojanju sukoba interesa<\/a><\/li>\n\n\n\n<li><a href=\"http:\/\/lagur-tunera.hr\/wp\/wp-content\/uploads\/2020\/08\/Obrazac-7.-Izjava-o-nepostojanju-vlasni\u010dke-povezanosti.doc\">Obrazac 7. Izjava o nepostojanju vlasni\u010dke povezanosti<\/a><\/li>\n\n\n\n<li><a href=\"http:\/\/lagur-tunera.hr\/wp\/wp-content\/uploads\/2020\/08\/Poslovni-plan_M.docx\">Obrazac 8. Poslovni plan<\/a><\/li>\n<\/ol>\n\n\n\n<p><strong>Prilozi:<\/strong><\/p>\n\n\n\n<ol class=\"wp-block-list\">\n<li><a href=\"http:\/\/lagur-tunera.hr\/wp\/wp-content\/uploads\/2020\/08\/Prilog-I-Kriteriji-odabira-za-Mjeru-3.docx\">Prilog I Kriteriji odabira za Mjeru A.1.3<\/a><\/li>\n\n\n\n<li><a href=\"http:\/\/lagur-tunera.hr\/wp\/wp-content\/uploads\/2020\/08\/Prilog-II-Popis-dokumentacije-uz-ZZP.docx\">Prilog II Popis-dokumentacije uz ZZP<\/a><\/li>\n\n\n\n<li><a href=\"http:\/\/lagur-tunera.hr\/wp\/wp-content\/uploads\/2020\/08\/Prilog-III-Popis-dokumentacije-uz-ZZI.docx\">Prilog III Popis dokumentacije uz ZZI<\/a><\/li>\n\n\n\n<li><a href=\"http:\/\/lagur-tunera.hr\/wp\/wp-content\/uploads\/2020\/08\/Prilog-IV-Popis-proizvoda-ribarstva-i-akvakulture.docx\">Prilog IV Popis proizvoda ribarstva i akvakulture<\/a><\/li>\n\n\n\n<li><a href=\"http:\/\/lagur-tunera.hr\/wp\/wp-content\/uploads\/2020\/08\/Prilog-V-Pravila-i-upute-za-provedbu-nabave_nositelj-projekta.pdf\">Prilog V Pravila-i-upute-za-provedbu-nabave_nositelj-projekta<\/a><\/li>\n\n\n\n<li><a href=\"http:\/\/lagur-tunera.hr\/wp\/wp-content\/uploads\/2020\/08\/Prilog-VI-Pravila-i-upute-za-provedbu-mjera-informiranja-i-promid\u017ebe.pdf\">Prilog VI Pravila-i-upute-za-provedbu-mjera-informiranja-i-promid\u017ebe<\/a><\/li>\n\n\n\n<li><a href=\"http:\/\/lagur-tunera.hr\/wp\/wp-content\/uploads\/2020\/08\/Prilog-VII-Popis-dokumentacije-uz-Zahtjev-za-promjenu.docx\">Prilog VII Popis dokumentacije uz Zahtjev za promjenu<\/a><\/li>\n\n\n\n<li><a href=\"http:\/\/lagur-tunera.hr\/wp\/wp-content\/uploads\/2020\/08\/Prilog-VIII-Izjava-nositelja-projekta-o-nemogu\u0107nosti-odbitka-pretporeza.docx\">Prilog VIII Izjava nositelja projekta o nemogu\u0107nosti odbitka pretporeza <\/a>&nbsp;<\/li>\n\n\n\n<li><a href=\"http:\/\/lagur-tunera.hr\/wp\/wp-content\/uploads\/2020\/08\/Prilog-IX-Upute-za-\u010duvanje-dokumentacije.pdf\">Prilog IX Upute-za-\u010duvanje-dokumentacije<\/a> &nbsp;&nbsp; &nbsp;<\/li>\n<\/ol>\n\n\n\n<hr class=\"wp-block-separator has-alpha-channel-opacity\"\/>\n\n\n\n<div class=\"wp-block-file\"><a id=\"wp-block-file--media-c0af8dcf-d482-485e-ad82-dc77ccf458e5\" href=\"http:\/\/lagur-tunera.hr\/wp\/wp-content\/uploads\/2020\/09\/Pitanja-potencijalnih-prijavitelja-i-odgovori-Mjera-A.1.3.-.pdf\">Pitanja potencijalnih prijavitelja i odgovori &#8211; Mjera A.1.3.<\/a><a href=\"http:\/\/lagur-tunera.hr\/wp\/wp-content\/uploads\/2020\/09\/Pitanja-potencijalnih-prijavitelja-i-odgovori-Mjera-A.1.3.-.pdf\" class=\"wp-block-file__button wp-element-button\" download aria-describedby=\"wp-block-file--media-c0af8dcf-d482-485e-ad82-dc77ccf458e5\">Download<\/a><\/div>\n\n\n\n<hr class=\"wp-block-separator has-alpha-channel-opacity\"\/>\n\n\n\n<p><strong>PRVA IZMJENA FLAG NATJE\u010cAJA U OKVIRU MJERE A.1.3. POVE\u0106ANJE SVIJESTI O NUTRITIVNIM VRIJEDNOSTIMA RIBE KOD DJECE U VRTI\u0106IMA<\/strong><\/p>\n\n\n\n<p>Na sjednici Upravnog odbora LAGUR-a TUNERA donesena je Odluka o Prvoj izmjeni FLAG natje\u010daja u okviru Mjere A.1.3. \u201ePOVE\u0106ANJE SVIJESTI O NUTRITIVNIM VRIJEDNOSTIMA RIBE KOD DJECE U VRTI\u0106IMA\u201c i to u slijede\u0107im dijelovima:<\/p>\n\n\n\n<ol class=\"wp-block-list\">\n<li>Tehni\u010dka izmjena dijela dokumentacije &#8211; Obrazac 2. Opis projekta<\/li>\n<\/ol>\n\n\n\n<p>U preostalom dijelu Natje\u010daj za provedbu u okviru Mjere A.1.3. \u201ePOVE\u0106ANJE SVIJESTI O NUTRITIVNIM VRIJEDNOSTIMA RIBE KOD DJECE U VRTI\u0106IMA\u201c iz LRSR 2014. \u2013 2020. FLAG-a TUNERA ostaje neizmijenjen.<\/p>\n\n\n\n<p><strong>Izmijenjena natje\u010dajna dokumentacija:<\/strong> <\/p>\n\n\n\n<div class=\"wp-block-file\"><a id=\"wp-block-file--media-693adae0-4373-44b4-b4da-4e368cf97cda\" href=\"http:\/\/lagur-tunera.hr\/wp\/wp-content\/uploads\/2020\/09\/Obrazac-2.-Opis-projekta-1.-izmjena.docx\">Obrazac-2.-Opis-projekta-1.-izmjena<\/a><a href=\"http:\/\/lagur-tunera.hr\/wp\/wp-content\/uploads\/2020\/09\/Obrazac-2.-Opis-projekta-1.-izmjena.docx\" class=\"wp-block-file__button wp-element-button\" download aria-describedby=\"wp-block-file--media-693adae0-4373-44b4-b4da-4e368cf97cda\">Download<\/a><\/div>\n","protected":false},"excerpt":{"rendered":"<p>Dana 13.12.2023. godine LAGUR Tunera je usvojio izmjenu svih aktualnih natje\u010daja iz Lokalne razvojne strategije u ribarstvu LAGUR-a Tunera. Predmetna izmjena se odnosi na tekst natje\u010daja koji je uskla\u0111en sa \u010dl. 14 Pravilnika o izmjenama i dopunama pravilnika o uvjetima,&#8230; <a href=\"http:\/\/lagur-tunera.hr\/wp\/?page_id=868\" class=\"readmore\">Read more<span class=\"screen-reader-text\">FLAG NATJE\u010cAJ ZA DODJELU POTPORE U OKVIRU MJERE A.1.3. POVE\u0106ANJE SVIJESTI O NUTRITIVNIM VRIJEDNOSTIMA RIBE KOD DJECE U VRTI\u0106IMA<\/span><span class=\"fa fa-angle-double-right\" aria-hidden=\"true\"><\/span><\/a><\/p>\n","protected":false},"author":1,"featured_media":0,"parent":0,"menu_order":0,"comment_status":"closed","ping_status":"closed","template":"","meta":{"footnotes":""},"class_list":["post-868","page","type-page","status-publish","hentry"],"_links":{"self":[{"href":"http:\/\/lagur-tunera.hr\/wp\/index.php?rest_route=\/wp\/v2\/pages\/868","targetHints":{"allow":["GET"]}}],"collection":[{"href":"http:\/\/lagur-tunera.hr\/wp\/index.php?rest_route=\/wp\/v2\/pages"}],"about":[{"href":"http:\/\/lagur-tunera.hr\/wp\/index.php?rest_route=\/wp\/v2\/types\/page"}],"author":[{"embeddable":true,"href":"http:\/\/lagur-tunera.hr\/wp\/index.php?rest_route=\/wp\/v2\/users\/1"}],"replies":[{"embeddable":true,"href":"http:\/\/lagur-tunera.hr\/wp\/index.php?rest_route=%2Fwp%2Fv2%2Fcomments&post=868"}],"version-history":[{"count":4,"href":"http:\/\/lagur-tunera.hr\/wp\/index.php?rest_route=\/wp\/v2\/pages\/868\/revisions"}],"predecessor-version":[{"id":890,"href":"http:\/\/lagur-tunera.hr\/wp\/index.php?rest_route=\/wp\/v2\/pages\/868\/revisions\/890"}],"wp:attachment":[{"href":"http:\/\/lagur-tunera.hr\/wp\/index.php?rest_route=%2Fwp%2Fv2%2Fmedia&parent=868"}],"curies":[{"name":"wp","href":"https:\/\/api.w.org\/{rel}","templated":true}]}}