{"id":990,"date":"2025-12-23T11:57:51","date_gmt":"2025-12-23T11:57:51","guid":{"rendered":"https:\/\/lagur-tunera.hr\/wp\/?page_id=990"},"modified":"2026-03-20T12:52:35","modified_gmt":"2026-03-20T12:52:35","slug":"flag-natjecaj-za-dodjelu-potpore-projektima-u-okviru-mjere-b-1-1-razvoj-turistickih-sadrzaja-povezanih-s-ribarstvom-pomorstvom-i-brodogradnjom-iz-lokalne-razvojne-strategije-u-ribarstvu-2021","status":"publish","type":"page","link":"http:\/\/lagur-tunera.hr\/wp\/?page_id=990","title":{"rendered":"FLAG NATJE\u010cAJ ZA DODJELU POTPORE PROJEKTIMA U OKVIRU MJERE B.1.1. RAZVOJ TURISTI\u010cKIH SADR\u017dAJA POVEZANIH S RIBARSTVOM, POMORSTVOM I BRODOGRADNJOM IZ LOKALNE RAZVOJNE STRATEGIJE U RIBARSTVU 2021. \u2013 2027. FLAG-a TUNERA"},"content":{"rendered":"\n<p>Datum objave: 19.03.2026.<\/p>\n\n\n\n<p class=\"has-text-align-center\"><strong>DRUGA IZMJENA FLAG NATJE\u010cAJA U OKVIRU MJERE B.1.1. \u201eRAZVOJ TURISTI\u010cKIH SADR\u017dAJA POVEZANIH S RIBARSTVOM,POMORSTVOM I BRODOGRADNJOM\u201c<\/strong><\/p>\n\n\n\n<p>Na elektronskoj sjednici Upravnog odbora LAGUR-a TUNERA odr\u017eanoj od 12.03.2026. do 19. 03. 2026. godine donesena je Odluka o Drugoj izmjeni FLAG natje\u010daja iz LRSR FLAG-a Tunera za Mjeru B.1.1. \u201eRazvoj turisti\u010dkih sadr\u017eaja povezanih s ribarstvom, pomorstvom i brodogradnjom\u201c, pri \u010demu se izmjena odnosi na rok za podno\u0161enje prijave projekta:<\/p>\n\n\n\n<p>Tekst FLAG natje\u010daja, to\u010dka 11. Prijava projekta, stavak 2. re\u010denica koja se odnosi na krajnji rok za podno\u0161enje prijave projekta mijenja se i glasi: Krajnji rok za podno\u0161enje prijave projekta je 06.05.2026. godine.<\/p>\n\n\n\n<p>U preostalom dijelu Natje\u010daj za provedbu u okviru Mjere B.1.1. \u201eRazvoj turisti\u010dkih sadr\u017eaja povezanih s ribarstvom, pomorstvom i brodogradnjom\u201c iz LRSR 2021. \u2013 2027. FLAG-a TUNERA ostaje neizmijenjen.<\/p>\n\n\n\n<p>Izmijenjena natje\u010dajna dokumentacija:<\/p>\n\n\n\n<p>1. <a href=\"http:\/\/lagur-tunera.hr\/wp\/wp-content\/uploads\/2026\/03\/Natjecaj-B.1.1.-2.-Izmjena.pdf\">Natje\u010daj-B.1.1.- 2.Izmjena<\/a><\/p>\n\n\n\n<p>Napomena: Navedeni izmijenjeni dokumenti stavljaju prethodne van snage.<\/p>\n\n\n\n<hr class=\"wp-block-separator has-alpha-channel-opacity\"\/>\n\n\n\n<p>Datum objave: 23.02.2026.<\/p>\n\n\n\n<p class=\"has-text-align-center\"><strong>PRVA IZMJENA FLAG NATJE\u010cAJA U OKVIRU MJERE B.1.1. \u201eRAZVOJ TURISTI\u010cKIH SADR\u017dAJA POVEZANIH S RIBARSTVOM,POMORSTVOM I BRODOGRADNJOM\u201c<\/strong><\/p>\n\n\n\n<p>Na elektronskoj sjednici Upravnog odbora LAGUR-a TUNERA odr\u017eanoj od 16.02.2026. do 23. 02. 2026. godine donesena je Odluka o Prvoj izmjeni FLAG natje\u010daja u okviru Mjere B.1.1. \u201eRazvoj turisti\u010dkih sadr\u017eaja povezanih s ribarstvom, pomorstvom i brodogradnjom\u201c i to u slijede\u0107im dijelovima:<\/p>\n\n\n\n<p>1. Tekst FLAG natje\u010daja, to\u010dka 11. Prijava projekta, stavak 2. re\u010denica koja se odnosi na krajnji rok za podno\u0161enje prijave projekta mijenja se i glasi: Krajnji rok za podno\u0161enje prijave projekta je 20.03.2026. godine.<\/p>\n\n\n\n<p>2. U obrascu 1.A Zahtjev za potporu izvr\u0161ene su sljede\u0107e izmjene: U to\u010dki 2.3. \u201eProjekt obuhva\u0107a\u201c tekst: \u201eAktivnosti pod to\u010dkom b) i c) se ne mogu provoditi samostalno.\u201c mijenja se i glasi: \u201eAktivnosti pod to\u010dkama g) i h) se ne mogu provoditi samostalno\u201c U to\u010dki 2.3. \u201eProjekt obuhva\u0107a\u201c uz svaku navedenu aktivnost dodaje se ku\u0107ica za ozna\u010davanje radi jasnog odabira aktivnosti koje prijavitelj prijavljuje u okviru projekta.<\/p>\n\n\n\n<p>3. U obrascu 6. Poslovni plan \u2013 odr\u017eivost projekta izvr\u0161ena je sljede\u0107a izmjena: Na radnom listu Financijski tok, Stupac A40 mijenja se i glasi: II.3.1. Ulaganja u dugotrajnu i kratkotrajnu imovinu.<\/p>\n\n\n\n<p>4. Izmjene Priloga i Obrasca Natje\u010daja: U Prilogu IV. \u201eIzjava o nemogu\u0107nosti odbitka pretporeza\u201c i Prilogu I. Kriterij odabira te obrascu 2.A Zahtjev za isplatu uklanjaju se tehni\u010dke gre\u0161ke nastale prilikom unosa podataka, bez izmjene samog sadr\u017eaja dokumenata.<\/p>\n\n\n\n<p>U preostalom dijelu Natje\u010daj za provedbu u okviru Mjere B.1.1. \u201eRazvoj turisti\u010dkih sadr\u017eaja povezanih s ribarstvom, pomorstvom i brodogradnjom\u201c iz LRSR 2021. \u2013 2027. FLAG-a TUNERA ostaje neizmijenjen.<\/p>\n\n\n\n<p>Izmijenjena natje\u010dajna dokumentacija:<\/p>\n\n\n\n<ol class=\"wp-block-list\">\n<li><a href=\"http:\/\/lagur-tunera.hr\/wp\/wp-content\/uploads\/2026\/02\/Natjecaj-B.1.1.-1.-Izmjena.pdf\">Natje\u010daj-B.1.1.- 1.Izmjena<\/a><\/li>\n\n\n\n<li>Obrazac 1.A. Zahtjev za potporu<\/li>\n\n\n\n<li>Obrazac 6. Poslovni plan \u2013 odr\u017eivost projekta<\/li>\n\n\n\n<li>Obrazac 2.A. -Zahtjev za isplatu<\/li>\n\n\n\n<li>Prilogu I. Kriterij odabira<\/li>\n\n\n\n<li>Prilog IV Izjava o nemogu\u0107nosti odbitka pretporeza<\/li>\n<\/ol>\n\n\n\n<div class=\"wp-block-file\"><a id=\"wp-block-file--media-b5c35fc9-b8ec-4955-a744-f52465cf93f6\" href=\"http:\/\/lagur-tunera.hr\/wp\/wp-content\/uploads\/2026\/02\/Obrasci-i-prilozi-1.Izmjena-B.1.1.zip\">Obrasci i prilozi-1.Izmjena B.1.1.<\/a><a href=\"http:\/\/lagur-tunera.hr\/wp\/wp-content\/uploads\/2026\/02\/Obrasci-i-prilozi-1.Izmjena-B.1.1.zip\" class=\"wp-block-file__button wp-element-button\" download aria-describedby=\"wp-block-file--media-b5c35fc9-b8ec-4955-a744-f52465cf93f6\">Download<\/a><\/div>\n\n\n\n<p>Obrasce i priloge pojedina\u010dno mo\u017eete preuzeti na ovoj <a href=\"https:\/\/www.dropbox.com\/scl\/fo\/a974aotzwzar61v3kxtbh\/AGhOujAIcGmAvTtVES9ziBQ?rlkey=mwehdymmha36wt6chytlh4j6z&amp;dl=0\">poveznici<\/a>.<\/p>\n\n\n\n<p>Napomena: Navedeni izmijenjeni dokumenti stavljaju prethodne van snage.<\/p>\n\n\n\n<hr class=\"wp-block-separator has-alpha-channel-opacity\"\/>\n\n\n\n<p>23. 12. 2025.<\/p>\n\n\n\n<p>Predmet natje\u010daja je dodjela potpore za projekte koji doprinose integraciji ribarskog sektora s turizmom, s ciljem o\u010duvanja, promocije i valorizacije ribarske i pomorske tradicije te tradicionalne brodogradnje. Podr\u017eati \u0107e se ulaganja u izgradnju i opremanje muzeja, edukativnih i multimedijalnih centara, tematskih ruta, izlo\u017ebi, manifestacija i doga\u0111anja kojima se revitalizira lokalna ba\u0161tina.<\/p>\n\n\n\n<p>Rok za podno\u0161enje prijava po\u010dinje te\u0107i od 29.12.2025. godine do 27.02.2026. godine.<\/p>\n\n\n\n<p>Ukupno raspolo\u017eiva sredstva javne potpore za sufinanciranje mjere B.1.1. na ovom FLAG natje\u010daju iznose: 912.525,49 eur.<\/p>\n\n\n\n<p>Najni\u017ei iznos javne potpore po korisniku\/projektu iznosi 10.000,00 \u20ac.<\/p>\n\n\n\n<p>Najvi\u0161i iznos javne potpore po korisniku\/projektu iznosi 150.000,00 \u20ac.<\/p>\n\n\n\n<p><strong>Natje\u010dajna dokumentacija:<\/strong><\/p>\n\n\n\n<div class=\"wp-block-file\"><a id=\"wp-block-file--media-31432575-42ea-4168-8167-70f15805e846\" href=\"http:\/\/lagur-tunera.hr\/wp\/wp-content\/uploads\/2025\/12\/Natjecaj-B.1.1.-1.pdf\">Natje\u010daj B.1.1.<\/a><a href=\"http:\/\/lagur-tunera.hr\/wp\/wp-content\/uploads\/2025\/12\/Natjecaj-B.1.1.-1.pdf\" class=\"wp-block-file__button wp-element-button\" download aria-describedby=\"wp-block-file--media-31432575-42ea-4168-8167-70f15805e846\">Download<\/a><\/div>\n\n\n\n<p><strong>Obrasci:<\/strong><\/p>\n\n\n\n<div class=\"wp-block-file\"><a id=\"wp-block-file--media-41d855a1-39ce-4d41-9830-24f5a7867856\" href=\"http:\/\/lagur-tunera.hr\/wp\/wp-content\/uploads\/2025\/12\/OBRASCI.zip\">Sve obrasce mo\u017eete preuzeti ovdje<\/a><a href=\"http:\/\/lagur-tunera.hr\/wp\/wp-content\/uploads\/2025\/12\/OBRASCI.zip\" class=\"wp-block-file__button wp-element-button\" download aria-describedby=\"wp-block-file--media-41d855a1-39ce-4d41-9830-24f5a7867856\">Download<\/a><\/div>\n\n\n\n<p>Obrasce pojedina\u010dno mo\u017eete preuzeti na ovoj <a href=\"https:\/\/www.dropbox.com\/scl\/fo\/34hy1akz7cx5ch3dttr8j\/AHNwxiy65kvbEJuHQ3u7R4Y?rlkey=otbjmjbvxd0k85qf56b0iuf1b&amp;dl=0\">poveznici<\/a>.<\/p>\n\n\n\n<p><strong>Prilozi:<\/strong><\/p>\n\n\n\n<div class=\"wp-block-file\"><a id=\"wp-block-file--media-c16c29da-bf4a-4ce5-b33c-ca16df3062cc\" href=\"http:\/\/lagur-tunera.hr\/wp\/wp-content\/uploads\/2025\/12\/PRILOZI-1.zip\">Sve priloge mo\u017eete preuzeti ovdje<\/a><a href=\"http:\/\/lagur-tunera.hr\/wp\/wp-content\/uploads\/2025\/12\/PRILOZI-1.zip\" class=\"wp-block-file__button wp-element-button\" download aria-describedby=\"wp-block-file--media-c16c29da-bf4a-4ce5-b33c-ca16df3062cc\">Download<\/a><\/div>\n\n\n\n<p>Priloge pojedina\u010dno mo\u017eete preuzeti na ovoj <a href=\"https:\/\/www.dropbox.com\/scl\/fo\/fefiw3lggb9khbse6e2bw\/AJdmKUM5O-R0MU-XPte4wyI?rlkey=u5dnlugdsc14pch9eoboqfpdq&amp;dl=0\">poveznici<\/a>.<\/p>\n\n\n\n<p><strong>Dokumentacija propisana od Upravlja\u010dkog tijela:<\/strong><\/p>\n\n\n\n<p><a href=\"https:\/\/euribarstvo.hr\/pravilnik-o-provedbi-mjere-iii-3-provedba-i-upravljanje-lrsr-provedba-lrsr\/\">Pravilnik o provedbi mjere III.3. \u201eProvedba i upravljanje LRSR <\/a><a href=\"https:\/\/euribarstvo.hr\/pravilnik-o-provedbi-mjere-iii-3-provedba-i-upravljanje-lrsr-provedba-lrsr\/\">\u2013<\/a><a href=\"https:\/\/euribarstvo.hr\/pravilnik-o-provedbi-mjere-iii-3-provedba-i-upravljanje-lrsr-provedba-lrsr\/\"> <\/a><a href=\"https:\/\/euribarstvo.hr\/pravilnik-o-provedbi-mjere-iii-3-provedba-i-upravljanje-lrsr-provedba-lrsr\/\">provedba LRSR\u201c<\/a><a href=\"https:\/\/euribarstvo.hr\/pravilnik-o-provedbi-mjere-iii-3-provedba-i-upravljanje-lrsr-provedba-lrsr\/\"><\/a><\/p>\n\n\n\n<p><a href=\"https:\/\/euribarstvo.hr\/pravilnik-o-provedbi-mjere-iii-3-provedba-i-upravljanje-lrsr-provedba-lrsr\/\">Izjava o nepostojanju sukoba interesa<\/a><\/p>\n\n\n\n<p><a href=\"https:\/\/euribarstvo.hr\/pravilnik-o-provedbi-mjere-iii-3-provedba-i-upravljanje-lrsr-provedba-lrsr\/\">Izjava o nepostojanju povezanosti izme\u0111u ponuditelja<\/a><\/p>\n\n\n\n<p><a href=\"https:\/\/euribarstvo.hr\/pravilnik-o-provedbi-mjere-iii-3-provedba-i-upravljanje-lrsr-provedba-lrsr\/\">Pravila i upute za provedbu nabave u provedbi LRSR<\/a><a href=\"https:\/\/euribarstvo.hr\/pravilnik-o-provedbi-mjere-iii-3-provedba-i-upravljanje-lrsr-provedba-lrsr\/\"><\/a><\/p>\n\n\n\n<p><a href=\"https:\/\/euribarstvo.hr\/pravilnik-o-provedbi-mjere-iii-3-provedba-i-upravljanje-lrsr-provedba-lrsr\/\">Pravila i upute za postupanje s promjenama u odabranim projektima i operacijama u okviru provedbe LRSR<\/a><a href=\"https:\/\/euribarstvo.hr\/pravilnik-o-provedbi-mjere-iii-3-provedba-i-upravljanje-lrsr-provedba-lrsr\/\"> <\/a>&nbsp;<\/p>\n\n\n\n<p><a href=\"https:\/\/euribarstvo.hr\/o-programu\/propisi-smjernice\/\">Pravila prihvatljivosti i sukladnosti zahtjeva za potporu EFPRA<\/a><a href=\"https:\/\/euribarstvo.hr\/o-programu\/propisi-smjernice\/\"><\/a><\/p>\n\n\n\n<p><a href=\"https:\/\/euribarstvo.hr\/o-programu\/propisi-smjernice\/\">Pravila i upute za provedbu mjera informiranja i promid\u017ebe PRA 2021<\/a><a href=\"https:\/\/euribarstvo.hr\/o-programu\/propisi-smjernice\/\">&#8211;<\/a><a href=\"https:\/\/euribarstvo.hr\/o-programu\/propisi-smjernice\/\">2027<\/a><a href=\"https:\/\/euribarstvo.hr\/o-programu\/propisi-smjernice\/\"><\/a><\/p>\n\n\n\n<p><a href=\"https:\/\/euribarstvo.hr\/o-programu\/propisi-smjernice\/\">Uputa za \u010duvanje dokumentacije PRA 2021<\/a><a href=\"https:\/\/euribarstvo.hr\/o-programu\/propisi-smjernice\/\">&#8211;<\/a><a href=\"https:\/\/euribarstvo.hr\/o-programu\/propisi-smjernice\/\">2027<\/a><a href=\"https:\/\/euribarstvo.hr\/o-programu\/propisi-smjernice\/\"><\/a><\/p>\n\n\n\n<p><a href=\"https:\/\/euribarstvo.hr\/o-programu\/propisi-smjernice\/\">Priru\u010dnik za korisnike PRA 2021<\/a><a href=\"https:\/\/euribarstvo.hr\/o-programu\/propisi-smjernice\/\">&#8211;<\/a><a href=\"https:\/\/euribarstvo.hr\/o-programu\/propisi-smjernice\/\">2027_kontrola na terenu<\/a><a href=\"https:\/\/euribarstvo.hr\/o-programu\/propisi-smjernice\/\"><\/a><\/p>\n\n\n\n<p><a href=\"https:\/\/euribarstvo.hr\/o-programu\/propisi-smjernice\/\">Upute za kori\u0161tenje sustava FISHNET<\/a><a href=\"https:\/\/euribarstvo.hr\/o-programu\/propisi-smjernice\/\"><\/a><\/p>\n","protected":false},"excerpt":{"rendered":"<p>Datum objave: 19.03.2026. DRUGA IZMJENA FLAG NATJE\u010cAJA U OKVIRU MJERE B.1.1. \u201eRAZVOJ TURISTI\u010cKIH SADR\u017dAJA POVEZANIH S RIBARSTVOM,POMORSTVOM I BRODOGRADNJOM\u201c Na elektronskoj sjednici Upravnog odbora LAGUR-a TUNERA odr\u017eanoj od 12.03.2026. do 19. 03. 2026. godine donesena je Odluka o Drugoj izmjeni&#8230; <a href=\"http:\/\/lagur-tunera.hr\/wp\/?page_id=990\" class=\"readmore\">Read more<span class=\"screen-reader-text\">FLAG NATJE\u010cAJ ZA DODJELU POTPORE PROJEKTIMA U OKVIRU MJERE B.1.1. RAZVOJ TURISTI\u010cKIH SADR\u017dAJA POVEZANIH S RIBARSTVOM, POMORSTVOM I BRODOGRADNJOM IZ LOKALNE RAZVOJNE STRATEGIJE U RIBARSTVU 2021. \u2013 2027. FLAG-a TUNERA<\/span><span class=\"fa fa-angle-double-right\" aria-hidden=\"true\"><\/span><\/a><\/p>\n","protected":false},"author":1,"featured_media":0,"parent":0,"menu_order":0,"comment_status":"closed","ping_status":"closed","template":"","meta":{"footnotes":""},"class_list":["post-990","page","type-page","status-publish","hentry"],"_links":{"self":[{"href":"http:\/\/lagur-tunera.hr\/wp\/index.php?rest_route=\/wp\/v2\/pages\/990","targetHints":{"allow":["GET"]}}],"collection":[{"href":"http:\/\/lagur-tunera.hr\/wp\/index.php?rest_route=\/wp\/v2\/pages"}],"about":[{"href":"http:\/\/lagur-tunera.hr\/wp\/index.php?rest_route=\/wp\/v2\/types\/page"}],"author":[{"embeddable":true,"href":"http:\/\/lagur-tunera.hr\/wp\/index.php?rest_route=\/wp\/v2\/users\/1"}],"replies":[{"embeddable":true,"href":"http:\/\/lagur-tunera.hr\/wp\/index.php?rest_route=%2Fwp%2Fv2%2Fcomments&post=990"}],"version-history":[{"count":10,"href":"http:\/\/lagur-tunera.hr\/wp\/index.php?rest_route=\/wp\/v2\/pages\/990\/revisions"}],"predecessor-version":[{"id":1022,"href":"http:\/\/lagur-tunera.hr\/wp\/index.php?rest_route=\/wp\/v2\/pages\/990\/revisions\/1022"}],"wp:attachment":[{"href":"http:\/\/lagur-tunera.hr\/wp\/index.php?rest_route=%2Fwp%2Fv2%2Fmedia&parent=990"}],"curies":[{"name":"wp","href":"https:\/\/api.w.org\/{rel}","templated":true}]}}